{"id":179,"date":"2020-10-21T08:35:42","date_gmt":"2020-10-21T05:35:42","guid":{"rendered":"https:\/\/nudebymyskin.fr\/?special_variable_for_live_previev=sdfg564sfdh645fds4ghs515vsr5g48strh846sd6g41513btsd\/?page_id=179"},"modified":"2025-04-24T23:06:07","modified_gmt":"2025-04-24T21:06:07","slug":"faq","status":"publish","type":"page","link":"https:\/\/nudebymyskin.fr\/home\/faq\/","title":{"rendered":"FAQ"},"content":{"rendered":"\t\t<div data-elementor-type=\"wp-page\" data-elementor-id=\"179\" class=\"elementor elementor-179\">\n\t\t\t\t\t\t<section class=\"elementor-section elementor-top-section elementor-element elementor-element-51cc69c elementor-section-full_width elementor-section-height-default elementor-section-height-default\" data-id=\"51cc69c\" data-element_type=\"section\">\n\t\t\t\t\t\t<div class=\"elementor-container elementor-column-gap-no\">\n\t\t\t\t\t<div class=\"elementor-column elementor-col-100 elementor-top-column elementor-element elementor-element-d3159a6\" data-id=\"d3159a6\" data-element_type=\"column\">\n\t\t\t<div class=\"elementor-widget-wrap elementor-element-populated\">\n\t\t\t\t\t\t<div class=\"elementor-element elementor-element-93e1f5e elementor-widget elementor-widget-spacer\" data-id=\"93e1f5e\" data-element_type=\"widget\" data-widget_type=\"spacer.default\">\n\t\t\t\t<div class=\"elementor-widget-container\">\n\t\t\t\t\t\t\t<div class=\"elementor-spacer\">\n\t\t\t<div class=\"elementor-spacer-inner\"><\/div>\n\t\t<\/div>\n\t\t\t\t\t\t<\/div>\n\t\t\t\t<\/div>\n\t\t\t\t\t<\/div>\n\t\t<\/div>\n\t\t\t\t\t<\/div>\n\t\t<\/section>\n\t\t<div class=\"elementor-element elementor-element-4f01b64 e-flex e-con-boxed e-con e-parent\" data-id=\"4f01b64\" data-element_type=\"container\">\n\t\t\t\t\t<div class=\"e-con-inner\">\n\t\t\t\t<div class=\"elementor-element elementor-element-6a3116b elementor-widget elementor-widget-ideapark-heading\" data-id=\"6a3116b\" data-element_type=\"widget\" data-widget_type=\"ideapark-heading.default\">\n\t\t\t\t<div class=\"elementor-widget-container\">\n\t\t\t\t\t<div class=\"c-ip-heading c-ip-heading--medium c-ip-heading--left c-ip-heading--mobile-center c-ip-heading--bullet-hide\"><span class=\"c-ip-heading__inner\"><br \/>\nQuestions fr\u00e9quentes<br \/>\n<\/span><\/div>\t\t\t\t<\/div>\n\t\t\t\t<\/div>\n\t\t\t\t\t<\/div>\n\t\t\t\t<\/div>\n\t\t<div class=\"elementor-element elementor-element-68fe011 e-flex e-con-boxed e-con e-parent\" data-id=\"68fe011\" data-element_type=\"container\">\n\t\t\t\t\t<div class=\"e-con-inner\">\n\t\t\t\t<div class=\"elementor-element elementor-element-1d581f3 elementor-widget elementor-widget-ideapark-heading\" data-id=\"1d581f3\" data-element_type=\"widget\" data-widget_type=\"ideapark-heading.default\">\n\t\t\t\t<div class=\"elementor-widget-container\">\n\t\t\t\t\t<div class=\"c-ip-heading c-ip-heading--small c-ip-heading--left c-ip-heading--bullet-hide c-ip-heading--block-align-left\"><span class=\"c-ip-heading__inner\">Retrouvez ici les r\u00e9ponses aux questions les plus courantes concernant nos services, livraisons, paiements et bien plus encore. Si vous ne trouvez pas l\u2019information que vous cherchez, notre \u00e9quipe reste \u00e0 votre \u00e9coute \u00e0 l\u2019adresse : contact@nudebymyskin.fr.<br \/>\n<\/span><\/div>\t\t\t\t<\/div>\n\t\t\t\t<\/div>\n\t\t\t\t\t<\/div>\n\t\t\t\t<\/div>\n\t\t\t\t<section class=\"elementor-section elementor-top-section elementor-element elementor-element-1617f7b elementor-section-boxed elementor-section-height-default elementor-section-height-default\" data-id=\"1617f7b\" data-element_type=\"section\">\n\t\t\t\t\t\t<div class=\"elementor-container elementor-column-gap-no\">\n\t\t\t\t\t<div class=\"elementor-column elementor-col-100 elementor-top-column elementor-element elementor-element-bc288d3\" data-id=\"bc288d3\" data-element_type=\"column\">\n\t\t\t<div class=\"elementor-widget-wrap elementor-element-populated\">\n\t\t\t\t\t\t<div class=\"elementor-element elementor-element-450377d elementor-widget elementor-widget-ideapark-accordion\" data-id=\"450377d\" data-element_type=\"widget\" data-widget_type=\"ideapark-accordion.default\">\n\t\t\t\t<div class=\"elementor-widget-container\">\n\t\t\t\t\t\t\t<div class=\"c-ip-accordion\">\n\t\t\t<div class=\"c-ip-accordion__wrap c-ip-accordion__wrap--layout-1\">\n\t\t\t\t<div class=\"c-ip-accordion__list c-ip-accordion__list--layout-1\">\n\t\t\t\t\t\t\t\t\t\t<div class=\"c-ip-accordion__item c-ip-accordion__item--layout-1\">\n\t\t\t\t\t\t<a class=\"c-ip-accordion__header c-ip-accordion__header--layout-1 js-accordion-title\" href=\"\" onclick=\"return false;\">M\u00e9thodes de paiement<i class=\"ip-right c-ip-accordion__arrow c-ip-accordion__arrow--layout-1\"><\/i><\/a>\t\t\t\t\t\t<div class=\"c-ip-accordion__content c-ip-accordion__content--layout-1\"><p class=\"\" data-start=\"103\" data-end=\"593\"><strong data-start=\"103\" data-end=\"178\">Q : Mes informations de paiement sont-elles s\u00e9curis\u00e9es sur votre site ?<\/strong><br data-start=\"178\" data-end=\"181\" \/><strong data-start=\"181\" data-end=\"593\">R : Absolument. Toutes les transactions effectu\u00e9es sur notre site sont prot\u00e9g\u00e9es par un syst\u00e8me de cryptage SSL (Secure Socket Layer), garantissant la confidentialit\u00e9 de vos donn\u00e9es. De plus, nous ne stockons jamais vos informations bancaires. Les paiements sont trait\u00e9s via des plateformes reconnues et s\u00e9curis\u00e9es, telles que Stripe, PayPal, Apple Pay etGoogle Pay.<\/strong><\/p><\/div>\t\t\t\t\t<\/div>\n\t\t\t\t\t\t\t\t\t\t\t\t\t\t\t<div class=\"c-ip-accordion__item c-ip-accordion__item--layout-1\">\n\t\t\t\t\t\t<a class=\"c-ip-accordion__header c-ip-accordion__header--layout-1 js-accordion-title\" href=\"\" onclick=\"return false;\">Exp\u00e9dition internationale<i class=\"ip-right c-ip-accordion__arrow c-ip-accordion__arrow--layout-1\"><\/i><\/a>\t\t\t\t\t\t<div class=\"c-ip-accordion__content c-ip-accordion__content--layout-1\"><p class=\"\" data-start=\"96\" data-end=\"419\"><strong data-start=\"96\" data-end=\"150\">Q : Proposez-vous la livraison \u00e0 l\u2019international ?<\/strong><br data-start=\"150\" data-end=\"153\" \/><strong data-start=\"153\" data-end=\"419\">R : Oui, nous livrons \u00e0 l\u2019international ! Les frais de livraison et les d\u00e9lais peuvent varier selon le pays de destination. Pour toute question ou information sp\u00e9cifique \u00e0 votre pays, n\u2019h\u00e9sitez pas \u00e0 nous contacter \u00e0 l\u2019adresse suivante : <a class=\"cursor-pointer\" rel=\"noopener\" data-start=\"393\" data-end=\"416\">contact@nudebymyskin.fr<\/a>.<\/strong><\/p><\/div>\t\t\t\t\t<\/div>\n\t\t\t\t\t\t\t\t\t\t\t\t\t\t<\/div>\n\t\t\t<\/div>\n\t\t<\/div>\n\t\t\t\t\t\t<\/div>\n\t\t\t\t<\/div>\n\t\t\t\t\t<\/div>\n\t\t<\/div>\n\t\t\t\t\t<\/div>\n\t\t<\/section>\n\t\t\t\t<\/div>\n\t\t","protected":false},"excerpt":{"rendered":"<p>FAQ Questions fr\u00e9quentes Retrouvez ici les r\u00e9ponses aux questions les plus courantes concernant nos services, livraisons, paiements et bien plus encore. Si&hellip;<\/p>\n","protected":false},"author":1,"featured_media":0,"parent":0,"menu_order":0,"comment_status":"closed","ping_status":"closed","template":"elementor_header_footer","meta":{"footnotes":""},"class_list":["post-179","page","type-page","status-publish","hentry"],"jetpack_sharing_enabled":true,"_links":{"self":[{"href":"https:\/\/nudebymyskin.fr\/home\/wp-json\/wp\/v2\/pages\/179","targetHints":{"allow":["GET"]}}],"collection":[{"href":"https:\/\/nudebymyskin.fr\/home\/wp-json\/wp\/v2\/pages"}],"about":[{"href":"https:\/\/nudebymyskin.fr\/home\/wp-json\/wp\/v2\/types\/page"}],"author":[{"embeddable":true,"href":"https:\/\/nudebymyskin.fr\/home\/wp-json\/wp\/v2\/users\/1"}],"replies":[{"embeddable":true,"href":"https:\/\/nudebymyskin.fr\/home\/wp-json\/wp\/v2\/comments?post=179"}],"version-history":[{"count":7,"href":"https:\/\/nudebymyskin.fr\/home\/wp-json\/wp\/v2\/pages\/179\/revisions"}],"predecessor-version":[{"id":3974,"href":"https:\/\/nudebymyskin.fr\/home\/wp-json\/wp\/v2\/pages\/179\/revisions\/3974"}],"wp:attachment":[{"href":"https:\/\/nudebymyskin.fr\/home\/wp-json\/wp\/v2\/media?parent=179"}],"curies":[{"name":"wp","href":"https:\/\/api.w.org\/{rel}","templated":true}]}}