{"id":3331,"date":"2020-10-18T12:34:13","date_gmt":"2020-10-18T12:34:13","guid":{"rendered":"https:\/\/nudebymyskin.fr\/?special_variable_for_live_previev=sdfg564sfdh645fds4ghs515vsr5g48strh846sd6g41513btsd\/?page_id=3"},"modified":"2025-04-26T17:03:11","modified_gmt":"2025-04-26T15:03:11","slug":"mentions-legales-cgv","status":"publish","type":"page","link":"https:\/\/nudebymyskin.fr\/home\/mentions-legales-cgv\/","title":{"rendered":"Mentions l\u00e9gales &#038; CGV"},"content":{"rendered":"\t\t<div data-elementor-type=\"wp-page\" data-elementor-id=\"3331\" class=\"elementor elementor-3331\">\n\t\t\t\t\t\t<section class=\"elementor-section elementor-top-section elementor-element elementor-element-2005d0eb elementor-section-boxed elementor-section-height-default elementor-section-height-default\" data-id=\"2005d0eb\" data-element_type=\"section\">\n\t\t\t\t\t\t<div class=\"elementor-container elementor-column-gap-default\">\n\t\t\t\t\t<div class=\"elementor-column elementor-col-100 elementor-top-column elementor-element elementor-element-ff398de\" data-id=\"ff398de\" data-element_type=\"column\">\n\t\t\t<div class=\"elementor-widget-wrap elementor-element-populated\">\n\t\t\t\t\t\t<div class=\"elementor-element elementor-element-5d850c97 elementor-widget elementor-widget-text-editor\" data-id=\"5d850c97\" data-element_type=\"widget\" data-widget_type=\"text-editor.default\">\n\t\t\t\t<div class=\"elementor-widget-container\">\n\t\t\t\t\t\t\t\t\t<h2 class=\"\" data-start=\"162\" data-end=\"191\"><strong data-start=\"168\" data-end=\"191\">1. Mentions l\u00e9gales<\/strong><\/h2><p data-start=\"193\" data-end=\"520\">\u00a0<\/p><p class=\"\" data-start=\"193\" data-end=\"520\"><span style=\"text-decoration: underline;\"><strong data-start=\"193\" data-end=\"212\">\u00c9diteur du site<\/strong><\/span><br data-start=\"212\" data-end=\"215\" \/>Le site <em data-start=\"223\" data-end=\"240\">nudebymyskin.fr<\/em> est \u00e9dit\u00e9 par :<br data-start=\"256\" data-end=\"259\" \/><span style=\"text-decoration: underline;\"><strong data-start=\"259\" data-end=\"282\">Nom de l&rsquo;entreprise<\/strong><\/span> : Synergie Web<br data-start=\"434\" data-end=\"437\" \/><span style=\"text-decoration: underline;\"><strong data-start=\"437\" data-end=\"446\">Email<\/strong><\/span> : Synergieweb2024@gmail.com<br data-start=\"472\" data-end=\"475\" \/><br \/><\/p><p class=\"\" data-start=\"522\" data-end=\"644\"><span style=\"text-decoration: underline;\"><strong>H\u00e9bergement<\/strong><\/span><br data-start=\"537\" data-end=\"540\" \/>Le site est h\u00e9berg\u00e9 par :<br data-start=\"565\" data-end=\"568\" \/>OVH<br data-start=\"588\" data-end=\"591\" \/>2 rue Kellermann, 59100 Roubaix<br data-start=\"615\" data-end=\"618\" \/><span aria-label=\"Appeler le 09 72 10 10 07\">09 72 10 10 07<\/span><\/p><p class=\"\" data-start=\"646\" data-end=\"884\"><span style=\"text-decoration: underline;\"><strong data-start=\"646\" data-end=\"674\">Propri\u00e9t\u00e9 intellectuelle<\/strong><\/span><br data-start=\"674\" data-end=\"677\" \/>Tous les contenus pr\u00e9sents sur ce site (textes, images, visuels, logos) sont la propri\u00e9t\u00e9 de <em data-start=\"770\" data-end=\"787\">Nude by My Skin<\/em>, sauf indication contraire.\u00a0Toute reproduction est interdite sans autorisation \u00e9crite pr\u00e9alable.<\/p><h2 data-start=\"1384\" data-end=\"1432\"><strong data-start=\"1390\" data-end=\"1432\">2. Conditions G\u00e9n\u00e9rales de Vente (CGV)<\/strong><\/h2><p class=\"\" data-start=\"1434\" data-end=\"1539\"><span style=\"text-decoration: underline;\"><strong data-start=\"1434\" data-end=\"1446\">1. Objet<\/strong><\/span><br data-start=\"1446\" data-end=\"1449\" \/>Les pr\u00e9sentes CGV r\u00e9gissent les ventes de produits propos\u00e9s sur le site <em data-start=\"1521\" data-end=\"1538\">nudebymyskin.fr<\/em>.<\/p><p class=\"\" data-start=\"1541\" data-end=\"1648\"><span style=\"text-decoration: underline;\"><strong>2. Produits<\/strong><\/span><br data-start=\"1556\" data-end=\"1559\" \/>Nos produits sont d\u00e9crits avec le plus grand soin. Les photos ne sont pas contractuelles.<\/p><p class=\"\" data-start=\"1650\" data-end=\"1788\"><span style=\"text-decoration: underline;\"><strong data-start=\"1650\" data-end=\"1666\">3. Commandes<\/strong><\/span><br data-start=\"1666\" data-end=\"1669\" \/>Toute commande pass\u00e9e sur le site implique l\u2019acceptation pleine et enti\u00e8re des pr\u00e9sentes conditions g\u00e9n\u00e9rales de vente.<\/p><p class=\"\" data-start=\"1790\" data-end=\"1955\"><span style=\"text-decoration: underline;\"><strong data-start=\"1790\" data-end=\"1813\">4. Prix et paiement<\/strong><\/span><br data-start=\"1813\" data-end=\"1816\" \/>Les prix sont en euros TTC. Le paiement est s\u00e9curis\u00e9 via [Stripe \/ PayPal \/ autres]. Les frais de livraison sont indiqu\u00e9s avant validation.<\/p><p class=\"\" data-start=\"1957\" data-end=\"2142\"><span style=\"text-decoration: underline;\"><strong data-start=\"1957\" data-end=\"1973\">5. Livraison<\/strong><\/span><br data-start=\"1973\" data-end=\"1976\" \/>La livraison est disponible en France et \u00e0 l\u2019international.\u00a0<\/p><p class=\"\" data-start=\"1957\" data-end=\"2142\">La livraison est estim\u00e9e entre 2 et 5 jours ouvrables, sous r\u00e9serve du bon fonctionnement du service de transport. Les frais et d\u00e9lais varient selon la destination.<\/p><p class=\"\" data-start=\"2144\" data-end=\"2332\"><span style=\"text-decoration: underline;\"><strong data-start=\"2144\" data-end=\"2172\">6. Droit de r\u00e9tractation<\/strong><\/span><br data-start=\"2172\" data-end=\"2175\" \/>Vous disposez de 14 jours apr\u00e8s r\u00e9ception pour exercer votre droit de r\u00e9tractation. Les frais de retour sont \u00e0 la charge du client sauf erreur de notre part. Avant toute d\u00e9marche veuillez nous contactez : contact@nudebymyskin.fr<\/p><p class=\"\" data-start=\"2334\" data-end=\"2454\"><span style=\"text-decoration: underline;\"><strong data-start=\"2334\" data-end=\"2355\">7. Responsabilit\u00e9<\/strong><\/span><br data-start=\"2355\" data-end=\"2358\" \/><em data-start=\"2358\" data-end=\"2375\">Nude by My Skin<\/em> ne saurait \u00eatre tenue responsable en cas de mauvaise utilisation des produits.<\/p><p class=\"\" data-start=\"2456\" data-end=\"2630\"><span style=\"text-decoration: underline;\"><strong data-start=\"2456\" data-end=\"2483\">8. Donn\u00e9es personnelles<\/strong><\/span><br data-start=\"2483\" data-end=\"2486\" \/>Vos donn\u00e9es sont utilis\u00e9es uniquement pour le traitement de votre commande et ne sont jamais revendues. Voir notre Politique de confidentialit\u00e9.<\/p><p class=\"\" data-start=\"2632\" data-end=\"2762\"><span style=\"text-decoration: underline;\"><strong data-start=\"2632\" data-end=\"2653\">9. Loi applicable<\/strong><\/span><br data-start=\"2653\" data-end=\"2656\" \/>Les pr\u00e9sentes CGV sont r\u00e9gies par le droit fran\u00e7ais. Tout litige sera soumis aux juridictions comp\u00e9tentes.<\/p><p data-start=\"2632\" data-end=\"2762\">Pour toutes question n&rsquo;h\u00e9sitez pas \u00e0 nous joindre sur contact@nudebymyskin.fr<\/p><p data-start=\"2632\" data-end=\"2762\">\u00a0<\/p>\t\t\t\t\t\t\t\t<\/div>\n\t\t\t\t<\/div>\n\t\t\t\t\t<\/div>\n\t\t<\/div>\n\t\t\t\t\t<\/div>\n\t\t<\/section>\n\t\t\t\t<\/div>\n\t\t","protected":false},"excerpt":{"rendered":"<p>1. Mentions l\u00e9gales \u00a0 \u00c9diteur du siteLe site nudebymyskin.fr est \u00e9dit\u00e9 par :Nom de l&rsquo;entreprise : Synergie WebEmail : Synergieweb2024@gmail.com H\u00e9bergementLe site&hellip;<\/p>\n","protected":false},"author":1,"featured_media":0,"parent":0,"menu_order":0,"comment_status":"closed","ping_status":"closed","template":"","meta":{"footnotes":""},"class_list":["post-3331","page","type-page","status-publish","hentry"],"jetpack_sharing_enabled":true,"_links":{"self":[{"href":"https:\/\/nudebymyskin.fr\/home\/wp-json\/wp\/v2\/pages\/3331","targetHints":{"allow":["GET"]}}],"collection":[{"href":"https:\/\/nudebymyskin.fr\/home\/wp-json\/wp\/v2\/pages"}],"about":[{"href":"https:\/\/nudebymyskin.fr\/home\/wp-json\/wp\/v2\/types\/page"}],"author":[{"embeddable":true,"href":"https:\/\/nudebymyskin.fr\/home\/wp-json\/wp\/v2\/users\/1"}],"replies":[{"embeddable":true,"href":"https:\/\/nudebymyskin.fr\/home\/wp-json\/wp\/v2\/comments?post=3331"}],"version-history":[{"count":11,"href":"https:\/\/nudebymyskin.fr\/home\/wp-json\/wp\/v2\/pages\/3331\/revisions"}],"predecessor-version":[{"id":3993,"href":"https:\/\/nudebymyskin.fr\/home\/wp-json\/wp\/v2\/pages\/3331\/revisions\/3993"}],"wp:attachment":[{"href":"https:\/\/nudebymyskin.fr\/home\/wp-json\/wp\/v2\/media?parent=3331"}],"curies":[{"name":"wp","href":"https:\/\/api.w.org\/{rel}","templated":true}]}}