{"id":3956,"date":"2025-04-24T15:59:44","date_gmt":"2025-04-24T13:59:44","guid":{"rendered":"https:\/\/nudebymyskin.fr\/home\/?post_type=product&#038;p=3956"},"modified":"2025-04-28T11:14:55","modified_gmt":"2025-04-28T09:14:55","slug":"stick-protection-solaire-teinte-spf50","status":"publish","type":"product","link":"https:\/\/nudebymyskin.fr\/home\/produit\/stick-protection-solaire-teinte-spf50\/","title":{"rendered":"Stick Protection Solaire Teint\u00e9 SPF50"},"content":{"rendered":"<p>Am\u00e9liorez votre gamme de soins solaires avec notre stick solaire teint\u00e9 min\u00e9ral SPF 50, con\u00e7u pour une protection haute performance et sans effort.<\/p>\n<p>Ce stick solaire min\u00e9ral offre une protection UVA\/UVB puissante et \u00e0 large spectre avec un SPF 50. Sa formule onctueuse et fondante s&rsquo;applique facilement, assurant une couvrance uniforme pour tous les types de peau, y compris les zones sensibles.<br \/>\nId\u00e9al pour une application nomade, c&rsquo;est un indispensable pour une protection solaire quotidienne.<\/p>\n<p>ATTENTION\u00a0: Le stick n&rsquo;assure pas une protection \u00e0 100\u00a0%. Une exposition prolong\u00e9e au soleil est dangereuse pour la sant\u00e9\u00a0; \u00e9vitez-la, m\u00eame en utilisant une cr\u00e8me solaire.<\/p>\n<p>Oxyde de zinc, huile de son d&rsquo;Oryza Sativa (riz), huile v\u00e9g\u00e9tale, carbonate de dicaprylyle, laurate d&rsquo;isoamyle, CI 77891 (dioxyde de titane)\u2462, cire de graines d&rsquo;Helianthus Annuus (tournesol), cire de son d&rsquo;Oryza Sativa (riz), cire de fruit de Rhus Succedanea, silice hydrat\u00e9e, huile de graines de Simmondsia Chinensis (jojoba)\u2460, silice, jojoba Esters, beurre de graines de Theobroma Cacao (cacao), parfum\/parfum, tocoph\u00e9rol, huile de fruit d&rsquo;Hippophae Rhamnoides (argousier)\u2460, huile de graines de Nigella Sativa (cumin noir), CI 77491, CI 77492, CI 77499 (oxydes de fer)\u2462, glycolipides, glycosphingolipides, eau\/eau, Vanilline, Terpin\u00e9ol\u2461, Ac\u00e9tate de linalyle\u2461, An\u00e9thole\u2461, G\u00e9raniol\u2461<\/p>\n<p>\u2460\u00a0Ingr\u00e9dients issus de l&rsquo;agriculture biologique<\/p>\n<p>\u2461\u00a0Issu d&rsquo;huiles essentielles naturelles<\/p>\n<p>\u2462\u00a0Pigments min\u00e9raux purs<\/p>\n","protected":false},"excerpt":{"rendered":"<p>Notre stick solaire teint\u00e9 min\u00e9ral SPF 50, con\u00e7u pour une protection haute performance et sans effort.<\/p>\n","protected":false},"featured_media":4122,"comment_status":"closed","ping_status":"closed","template":"","meta":[],"product_cat":[141],"product_tag":[144,142,143,119,145,95],"class_list":{"0":"post-3956","1":"product","2":"type-product","3":"status-publish","4":"has-post-thumbnail","6":"product_cat-produits-solaire","7":"product_tag-ecran-solaire","8":"product_tag-facile-a-utiliser","9":"product_tag-protection-solaire","10":"product_tag-soin-du-visage","11":"product_tag-teste-dermatologiquement","12":"product_tag-tous-types-de-peau","14":"first","15":"instock","16":"shipping-taxable","17":"purchasable","18":"product-type-simple"},"jetpack_sharing_enabled":true,"_links":{"self":[{"href":"https:\/\/nudebymyskin.fr\/home\/wp-json\/wp\/v2\/product\/3956","targetHints":{"allow":["GET"]}}],"collection":[{"href":"https:\/\/nudebymyskin.fr\/home\/wp-json\/wp\/v2\/product"}],"about":[{"href":"https:\/\/nudebymyskin.fr\/home\/wp-json\/wp\/v2\/types\/product"}],"replies":[{"embeddable":true,"href":"https:\/\/nudebymyskin.fr\/home\/wp-json\/wp\/v2\/comments?post=3956"}],"version-history":[{"count":5,"href":"https:\/\/nudebymyskin.fr\/home\/wp-json\/wp\/v2\/product\/3956\/revisions"}],"predecessor-version":[{"id":4121,"href":"https:\/\/nudebymyskin.fr\/home\/wp-json\/wp\/v2\/product\/3956\/revisions\/4121"}],"wp:featuredmedia":[{"embeddable":true,"href":"https:\/\/nudebymyskin.fr\/home\/wp-json\/wp\/v2\/media\/4122"}],"wp:attachment":[{"href":"https:\/\/nudebymyskin.fr\/home\/wp-json\/wp\/v2\/media?parent=3956"}],"wp:term":[{"taxonomy":"product_cat","embeddable":true,"href":"https:\/\/nudebymyskin.fr\/home\/wp-json\/wp\/v2\/product_cat?post=3956"},{"taxonomy":"product_tag","embeddable":true,"href":"https:\/\/nudebymyskin.fr\/home\/wp-json\/wp\/v2\/product_tag?post=3956"}],"curies":[{"name":"wp","href":"https:\/\/api.w.org\/{rel}","templated":true}]}}