{"id":4058,"date":"2025-04-27T13:43:20","date_gmt":"2025-04-27T11:43:20","guid":{"rendered":"https:\/\/nudebymyskin.fr\/home\/?post_type=product&#038;p=4058"},"modified":"2025-04-28T12:44:31","modified_gmt":"2025-04-28T10:44:31","slug":"stick-protection-solaire-sans-teinte-spf-50-2","status":"publish","type":"product","link":"https:\/\/nudebymyskin.fr\/home\/produit\/stick-protection-solaire-sans-teinte-spf-50-2\/","title":{"rendered":"Stick protection solaire sans teinte SPF 50"},"content":{"rendered":"<p>Notre stick solaire min\u00e9ral SPF 50, con\u00e7u pour une protection haute performance et sans effort.<\/p>\n<p>Ce stick solaire min\u00e9ral offre une protection UVA\/UVB puissante et \u00e0 large spectre avec un SPF 50. Sa formule onctueuse et fondante s&rsquo;applique facilement, assurant une couvrance uniforme pour tous les types de peau, y compris les zones sensibles. Id\u00e9al pour une application nomade, c&rsquo;est un indispensable pour une protection solaire quotidienne.<\/p>\n<p>Une exposition prolong\u00e9e au soleil est dangereuse pour la sant\u00e9<\/p>\n","protected":false},"excerpt":{"rendered":"<p>Notre stick solaire min\u00e9ral SPF 50, con\u00e7u pour une protection haute performance et sans effort. Ce stick solaire min\u00e9ral offre une protection&hellip;<\/p>\n","protected":false},"featured_media":4124,"comment_status":"closed","ping_status":"closed","template":"","meta":[],"product_cat":[141],"product_tag":[154,142,143,119,153,152],"class_list":{"0":"post-4058","1":"product","2":"type-product","3":"status-publish","4":"has-post-thumbnail","6":"product_cat-produits-solaire","7":"product_tag-creme-solaire","8":"product_tag-facile-a-utiliser","9":"product_tag-protection-solaire","10":"product_tag-soin-du-visage","11":"product_tag-stick","12":"product_tag-tous-types-de-peaux","14":"first","15":"instock","16":"shipping-taxable","17":"purchasable","18":"product-type-simple"},"jetpack_sharing_enabled":true,"_links":{"self":[{"href":"https:\/\/nudebymyskin.fr\/home\/wp-json\/wp\/v2\/product\/4058","targetHints":{"allow":["GET"]}}],"collection":[{"href":"https:\/\/nudebymyskin.fr\/home\/wp-json\/wp\/v2\/product"}],"about":[{"href":"https:\/\/nudebymyskin.fr\/home\/wp-json\/wp\/v2\/types\/product"}],"replies":[{"embeddable":true,"href":"https:\/\/nudebymyskin.fr\/home\/wp-json\/wp\/v2\/comments?post=4058"}],"version-history":[{"count":1,"href":"https:\/\/nudebymyskin.fr\/home\/wp-json\/wp\/v2\/product\/4058\/revisions"}],"predecessor-version":[{"id":4061,"href":"https:\/\/nudebymyskin.fr\/home\/wp-json\/wp\/v2\/product\/4058\/revisions\/4061"}],"wp:featuredmedia":[{"embeddable":true,"href":"https:\/\/nudebymyskin.fr\/home\/wp-json\/wp\/v2\/media\/4124"}],"wp:attachment":[{"href":"https:\/\/nudebymyskin.fr\/home\/wp-json\/wp\/v2\/media?parent=4058"}],"wp:term":[{"taxonomy":"product_cat","embeddable":true,"href":"https:\/\/nudebymyskin.fr\/home\/wp-json\/wp\/v2\/product_cat?post=4058"},{"taxonomy":"product_tag","embeddable":true,"href":"https:\/\/nudebymyskin.fr\/home\/wp-json\/wp\/v2\/product_tag?post=4058"}],"curies":[{"name":"wp","href":"https:\/\/api.w.org\/{rel}","templated":true}]}}