{"id":4070,"date":"2025-04-27T14:16:10","date_gmt":"2025-04-27T12:16:10","guid":{"rendered":"https:\/\/nudebymyskin.fr\/home\/?post_type=product&#038;p=4070"},"modified":"2025-04-28T12:47:23","modified_gmt":"2025-04-28T10:47:23","slug":"demaquillant-biphase","status":"publish","type":"product","link":"https:\/\/nudebymyskin.fr\/home\/produit\/demaquillant-biphase\/","title":{"rendered":"D\u00e9maquillant Biphase"},"content":{"rendered":"<p>D\u00e9maquillant \u00e0 la composition biphas\u00e9e unique, combinant une phase huileuse et une phase aqueuse pour un d\u00e9maquillage facile et efficace.<br \/>\nCette formule sans parfum nettoie en douceur, apaise et laisse la peau hydrat\u00e9e.<\/p>\n<p>Compositions :<\/p>\n<p>Jus d&rsquo;alo\u00e8s<br \/>\nExtrait de fleur de camomille<br \/>\nExtrait de fruit d&rsquo;argousier<br \/>\nExtrait de framboise<br \/>\nAcide hyaluronique<\/p>\n","protected":false},"excerpt":{"rendered":"<p>D\u00e9maquillant \u00e0 la composition biphas\u00e9e unique, combinant une phase huileuse et une phase aqueuse pour un d\u00e9maquillage facile et efficace. Cette formule&hellip;<\/p>\n","protected":false},"featured_media":4145,"comment_status":"closed","ping_status":"closed","template":"","meta":[],"product_cat":[100],"product_tag":[135,125,155,156,130,119],"class_list":{"0":"post-4070","1":"product","2":"type-product","3":"status-publish","4":"has-post-thumbnail","6":"product_cat-produits-nettoyant","7":"product_tag-accumulation-de-maquillage","8":"product_tag-acide-hyaluronique","9":"product_tag-doux-pour-la-peau","10":"product_tag-elimine-le-maquillage-et-les-impuretes","11":"product_tag-nettoyant","12":"product_tag-soin-du-visage","14":"first","15":"instock","16":"shipping-taxable","17":"purchasable","18":"product-type-simple"},"jetpack_sharing_enabled":true,"_links":{"self":[{"href":"https:\/\/nudebymyskin.fr\/home\/wp-json\/wp\/v2\/product\/4070","targetHints":{"allow":["GET"]}}],"collection":[{"href":"https:\/\/nudebymyskin.fr\/home\/wp-json\/wp\/v2\/product"}],"about":[{"href":"https:\/\/nudebymyskin.fr\/home\/wp-json\/wp\/v2\/types\/product"}],"replies":[{"embeddable":true,"href":"https:\/\/nudebymyskin.fr\/home\/wp-json\/wp\/v2\/comments?post=4070"}],"version-history":[{"count":3,"href":"https:\/\/nudebymyskin.fr\/home\/wp-json\/wp\/v2\/product\/4070\/revisions"}],"predecessor-version":[{"id":4170,"href":"https:\/\/nudebymyskin.fr\/home\/wp-json\/wp\/v2\/product\/4070\/revisions\/4170"}],"wp:featuredmedia":[{"embeddable":true,"href":"https:\/\/nudebymyskin.fr\/home\/wp-json\/wp\/v2\/media\/4145"}],"wp:attachment":[{"href":"https:\/\/nudebymyskin.fr\/home\/wp-json\/wp\/v2\/media?parent=4070"}],"wp:term":[{"taxonomy":"product_cat","embeddable":true,"href":"https:\/\/nudebymyskin.fr\/home\/wp-json\/wp\/v2\/product_cat?post=4070"},{"taxonomy":"product_tag","embeddable":true,"href":"https:\/\/nudebymyskin.fr\/home\/wp-json\/wp\/v2\/product_tag?post=4070"}],"curies":[{"name":"wp","href":"https:\/\/api.w.org\/{rel}","templated":true}]}}