{"id":4096,"date":"2025-04-27T18:51:53","date_gmt":"2025-04-27T16:51:53","guid":{"rendered":"https:\/\/nudebymyskin.fr\/home\/?post_type=product&#038;p=4096"},"modified":"2025-04-28T11:14:07","modified_gmt":"2025-04-28T09:14:07","slug":"serum-a-la-vitamine-c","status":"publish","type":"product","link":"https:\/\/nudebymyskin.fr\/home\/produit\/serum-a-la-vitamine-c\/","title":{"rendered":"S\u00e9rum \u00e0 la Vitamine C"},"content":{"rendered":"<p>S\u00e9rum \u00e0 la vitamine C puissant qui prot\u00e8ge la peau des agressions ext\u00e9rieures et favorise la jeunesse de votre peau,illumine et unifie le teint<\/p>\n<p>L&rsquo;acide f\u00e9rulique favorise la fermet\u00e9 de la peau, tandis que l&rsquo;acide hyaluronique stimule son hydratation.<br \/>\nLes huiles nourrissantes adoucissent la peau pour r\u00e9v\u00e9ler une peau \u00e9clatante et jeune. <\/p>\n<p>Appliquer sur une peau propre.<\/p>\n<p>Composition : <\/p>\n<p>2 % de vitamine C naturelle (ascorbyl glucoside), 1 % d&rsquo;acide f\u00e9rulique, 1 % d&rsquo;huile de nerprun, vitamine E, huile de graines de jojoba, huile d&rsquo;amande, huile d&rsquo;avocat, huile de graines de rose musqu\u00e9e, PCA de sodium, acide hyaluronique.<\/p>\n","protected":false},"excerpt":{"rendered":"<p>S\u00e9rum \u00e0 la vitamine C puissant qui prot\u00e8ge la peau des agressions ext\u00e9rieures et favorise la jeunesse de votre peau,illumine et unifie&hellip;<\/p>\n","protected":false},"featured_media":4133,"comment_status":"closed","ping_status":"closed","template":"","meta":[],"product_cat":[99],"product_tag":[170,125,122,172,171,116,62,119,118,145,152,129,173,165],"class_list":{"0":"post-4096","1":"product","2":"type-product","3":"status-publish","4":"has-post-thumbnail","6":"product_cat-produits-hydratant","7":"product_tag-2-vitamin-c","8":"product_tag-acide-hyaluronique","9":"product_tag-anti-age","10":"product_tag-anti-taches-pigmentaires","11":"product_tag-bonne-mine","12":"product_tag-certifie-naturel","13":"product_tag-serum","14":"product_tag-soin-du-visage","15":"product_tag-taches-brunes","16":"product_tag-teste-dermatologiquement","17":"product_tag-tous-types-de-peaux","18":"product_tag-vegan","19":"product_tag-vitamine-c","20":"product_tag-vitamine-e","22":"first","23":"instock","24":"shipping-taxable","25":"purchasable","26":"product-type-simple"},"jetpack_sharing_enabled":true,"_links":{"self":[{"href":"https:\/\/nudebymyskin.fr\/home\/wp-json\/wp\/v2\/product\/4096","targetHints":{"allow":["GET"]}}],"collection":[{"href":"https:\/\/nudebymyskin.fr\/home\/wp-json\/wp\/v2\/product"}],"about":[{"href":"https:\/\/nudebymyskin.fr\/home\/wp-json\/wp\/v2\/types\/product"}],"replies":[{"embeddable":true,"href":"https:\/\/nudebymyskin.fr\/home\/wp-json\/wp\/v2\/comments?post=4096"}],"version-history":[{"count":2,"href":"https:\/\/nudebymyskin.fr\/home\/wp-json\/wp\/v2\/product\/4096\/revisions"}],"predecessor-version":[{"id":4132,"href":"https:\/\/nudebymyskin.fr\/home\/wp-json\/wp\/v2\/product\/4096\/revisions\/4132"}],"wp:featuredmedia":[{"embeddable":true,"href":"https:\/\/nudebymyskin.fr\/home\/wp-json\/wp\/v2\/media\/4133"}],"wp:attachment":[{"href":"https:\/\/nudebymyskin.fr\/home\/wp-json\/wp\/v2\/media?parent=4096"}],"wp:term":[{"taxonomy":"product_cat","embeddable":true,"href":"https:\/\/nudebymyskin.fr\/home\/wp-json\/wp\/v2\/product_cat?post=4096"},{"taxonomy":"product_tag","embeddable":true,"href":"https:\/\/nudebymyskin.fr\/home\/wp-json\/wp\/v2\/product_tag?post=4096"}],"curies":[{"name":"wp","href":"https:\/\/api.w.org\/{rel}","templated":true}]}}