{"id":4100,"date":"2025-04-27T19:19:07","date_gmt":"2025-04-27T17:19:07","guid":{"rendered":"https:\/\/nudebymyskin.fr\/home\/?post_type=product&#038;p=4100"},"modified":"2025-04-28T11:13:49","modified_gmt":"2025-04-28T09:13:49","slug":"toner-purifiant","status":"publish","type":"product","link":"https:\/\/nudebymyskin.fr\/home\/produit\/toner-purifiant\/","title":{"rendered":"Toner Purifiant"},"content":{"rendered":"<p>Toner purifiant \u00e9limine l&rsquo;exc\u00e8s d&rsquo;impuret\u00e9s et de s\u00e9bum, aide \u00e0 d\u00e9sincruster les pores, maintient le pH naturel de la peau et l&rsquo;hydrate.<br \/>\nVotre peau sera fra\u00eeche et souple. <\/p>\n<p>Versez la lotion tonique dans vos mains et appliquez sur l&rsquo;ensemble du visage.<br \/>\n\u00c9vitez le contact direct avec les yeux.<\/p>\n<p>Composition :<br \/>\nEau de fleur de lavande,<br \/>\nacide salicylique,<br \/>\nextrait de plante.<\/p>\n","protected":false},"excerpt":{"rendered":"<p>Toner purifiant \u00e9limine l&rsquo;exc\u00e8s d&rsquo;impuret\u00e9s et de s\u00e9bum, aide \u00e0 d\u00e9sincruster les pores, maintient le pH naturel de la peau et l&rsquo;hydrate.&hellip;<\/p>\n","protected":false},"featured_media":4120,"comment_status":"closed","ping_status":"closed","template":"","meta":[],"product_cat":[100],"product_tag":[176,169,167,174,119,175],"class_list":{"0":"post-4100","1":"product","2":"type-product","3":"status-publish","4":"has-post-thumbnail","6":"product_cat-produits-nettoyant","7":"product_tag-acide-salicylique","8":"product_tag-imperfections","9":"product_tag-rafraichit","10":"product_tag-sans-parfum","11":"product_tag-soin-du-visage","12":"product_tag-toner","14":"first","15":"instock","16":"shipping-taxable","17":"purchasable","18":"product-type-simple"},"jetpack_sharing_enabled":true,"_links":{"self":[{"href":"https:\/\/nudebymyskin.fr\/home\/wp-json\/wp\/v2\/product\/4100","targetHints":{"allow":["GET"]}}],"collection":[{"href":"https:\/\/nudebymyskin.fr\/home\/wp-json\/wp\/v2\/product"}],"about":[{"href":"https:\/\/nudebymyskin.fr\/home\/wp-json\/wp\/v2\/types\/product"}],"replies":[{"embeddable":true,"href":"https:\/\/nudebymyskin.fr\/home\/wp-json\/wp\/v2\/comments?post=4100"}],"version-history":[{"count":2,"href":"https:\/\/nudebymyskin.fr\/home\/wp-json\/wp\/v2\/product\/4100\/revisions"}],"predecessor-version":[{"id":4119,"href":"https:\/\/nudebymyskin.fr\/home\/wp-json\/wp\/v2\/product\/4100\/revisions\/4119"}],"wp:featuredmedia":[{"embeddable":true,"href":"https:\/\/nudebymyskin.fr\/home\/wp-json\/wp\/v2\/media\/4120"}],"wp:attachment":[{"href":"https:\/\/nudebymyskin.fr\/home\/wp-json\/wp\/v2\/media?parent=4100"}],"wp:term":[{"taxonomy":"product_cat","embeddable":true,"href":"https:\/\/nudebymyskin.fr\/home\/wp-json\/wp\/v2\/product_cat?post=4100"},{"taxonomy":"product_tag","embeddable":true,"href":"https:\/\/nudebymyskin.fr\/home\/wp-json\/wp\/v2\/product_tag?post=4100"}],"curies":[{"name":"wp","href":"https:\/\/api.w.org\/{rel}","templated":true}]}}