{"id":4109,"date":"2025-04-27T22:25:45","date_gmt":"2025-04-27T20:25:45","guid":{"rendered":"https:\/\/nudebymyskin.fr\/home\/?post_type=product&#038;p=4109"},"modified":"2025-04-28T11:13:37","modified_gmt":"2025-04-28T09:13:37","slug":"creme-solaire-visage-corps-spf-30","status":"publish","type":"product","link":"https:\/\/nudebymyskin.fr\/home\/produit\/creme-solaire-visage-corps-spf-30\/","title":{"rendered":"Cr\u00e8me solaire Visage &amp; Corps SPF 30"},"content":{"rendered":"<p>Cette cr\u00e8me solaire SPF 30 est un produit multi-usages pour le visage et le corps.<br \/>\nFormul\u00e9 \u00e0 partir d&rsquo;ingr\u00e9dients min\u00e9raux vegan, il assure une protection UVA\/UVB \u00e0 large spectre<br \/>\net pr\u00e9vient le vieillissement pr\u00e9matur\u00e9.<br \/>\nTest\u00e9 pour sa r\u00e9sistance \u00e0 l&rsquo;eau, il laisse la peau prot\u00e9g\u00e9e, hydrat\u00e9e et lisse sans laisser de film blanc. <\/p>\n<p>Appliquez g\u00e9n\u00e9reusement avant l&rsquo;exposition au soleil sur toutes les zones expos\u00e9es du corps et renouvelez l&rsquo;application toutes les deux heures, ou plus fr\u00e9quemment en cas de baignade, de transpiration ou d&rsquo;essuyage, pour maintenir une protection efficace.<\/p>\n<p>Une exposition prolong\u00e9e au soleil est dangereuse pour la sant\u00e9.<\/p>\n<p>Composition :<br \/>\nJus d&rsquo;alo\u00e8s, extrait de baies, extrait de fruits<\/p>\n","protected":false},"excerpt":{"rendered":"<p>Cette cr\u00e8me solaire SPF 30 est un produit multi-usages pour le visage et le corps. Formul\u00e9 \u00e0 partir d&rsquo;ingr\u00e9dients min\u00e9raux vegan, il&hellip;<\/p>\n","protected":false},"featured_media":4147,"comment_status":"closed","ping_status":"closed","template":"","meta":[],"product_cat":[141],"product_tag":[144,178,177,180,179,181,145,152],"class_list":{"0":"post-4109","1":"product","2":"type-product","3":"status-publish","4":"has-post-thumbnail","6":"product_cat-produits-solaire","7":"product_tag-ecran-solaire","8":"product_tag-protection-longue-duree","9":"product_tag-protection-uv","10":"product_tag-resistance-a-leau","11":"product_tag-soins-du-visage","12":"product_tag-soins-solaires","13":"product_tag-teste-dermatologiquement","14":"product_tag-tous-types-de-peaux","16":"first","17":"instock","18":"shipping-taxable","19":"purchasable","20":"product-type-simple"},"jetpack_sharing_enabled":true,"_links":{"self":[{"href":"https:\/\/nudebymyskin.fr\/home\/wp-json\/wp\/v2\/product\/4109","targetHints":{"allow":["GET"]}}],"collection":[{"href":"https:\/\/nudebymyskin.fr\/home\/wp-json\/wp\/v2\/product"}],"about":[{"href":"https:\/\/nudebymyskin.fr\/home\/wp-json\/wp\/v2\/types\/product"}],"replies":[{"embeddable":true,"href":"https:\/\/nudebymyskin.fr\/home\/wp-json\/wp\/v2\/comments?post=4109"}],"version-history":[{"count":1,"href":"https:\/\/nudebymyskin.fr\/home\/wp-json\/wp\/v2\/product\/4109\/revisions"}],"predecessor-version":[{"id":4146,"href":"https:\/\/nudebymyskin.fr\/home\/wp-json\/wp\/v2\/product\/4109\/revisions\/4146"}],"wp:featuredmedia":[{"embeddable":true,"href":"https:\/\/nudebymyskin.fr\/home\/wp-json\/wp\/v2\/media\/4147"}],"wp:attachment":[{"href":"https:\/\/nudebymyskin.fr\/home\/wp-json\/wp\/v2\/media?parent=4109"}],"wp:term":[{"taxonomy":"product_cat","embeddable":true,"href":"https:\/\/nudebymyskin.fr\/home\/wp-json\/wp\/v2\/product_cat?post=4109"},{"taxonomy":"product_tag","embeddable":true,"href":"https:\/\/nudebymyskin.fr\/home\/wp-json\/wp\/v2\/product_tag?post=4109"}],"curies":[{"name":"wp","href":"https:\/\/api.w.org\/{rel}","templated":true}]}}