{"id":4152,"date":"2025-04-28T11:00:22","date_gmt":"2025-04-28T09:00:22","guid":{"rendered":"https:\/\/nudebymyskin.fr\/home\/?post_type=product&#038;p=4152"},"modified":"2025-04-28T13:54:11","modified_gmt":"2025-04-28T11:54:11","slug":"gel-hydratant-au-zinc","status":"publish","type":"product","link":"https:\/\/nudebymyskin.fr\/home\/produit\/gel-hydratant-au-zinc\/","title":{"rendered":"Gel hydratant au Zinc"},"content":{"rendered":"<p>Cette cr\u00e8me hydratante a une consistance gel non grasse qui ne laisse pas de sensation \u00e9paisse ni lourde sur la peau.<br \/>\nElle p\u00e9n\u00e8tre rapidement et procure une hydratation instantan\u00e9e.<br \/>\nLe zinc, qui contribue \u00e0 la production de collag\u00e8ne, contribue \u00e0 pr\u00e9server la jeunesse et la fra\u00eecheur de la peau.<\/p>\n<p>Appliquer sur une peau propre.<\/p>\n<p>Con\u00e7u pour tous les types de peaux<\/p>\n<p>Pour une routine de soins compl\u00e8te pour hommes, nous recommandons de combiner le gel douche 2 en 1 pour cheveux et corps, la cr\u00e8me anti-\u00e2ge pour les yeux ainsi que l&rsquo;huile \u00e0 barbe adoucissante.<\/p>\n<p>&nbsp;<\/p>\n<p>&nbsp;<\/p>\n<p>Composition :<br \/>\nJus d&rsquo;alo\u00e8s, zinc, acide hyaluronique<\/p>\n","protected":false},"excerpt":{"rendered":"<p>Cette cr\u00e8me hydratante a une consistance gel non grasse qui ne laisse pas de sensation \u00e9paisse ni lourde sur la peau. Elle&hellip;<\/p>\n","protected":false},"featured_media":4174,"comment_status":"closed","ping_status":"closed","template":"","meta":[],"product_cat":[185],"product_tag":[125,182,113,169,126,123,119,183,184],"class_list":{"0":"post-4152","1":"product","2":"type-product","3":"status-publish","4":"has-post-thumbnail","6":"product_cat-produits-hommes","7":"product_tag-acide-hyaluronique","8":"product_tag-enrichi-en-collagene","9":"product_tag-hydratant","10":"product_tag-imperfections","11":"product_tag-jus-daloes","12":"product_tag-peau-deshydratee","13":"product_tag-soin-du-visage","14":"product_tag-soin-hommes","15":"product_tag-zinc","17":"first","18":"instock","19":"shipping-taxable","20":"purchasable","21":"product-type-simple"},"jetpack_sharing_enabled":true,"_links":{"self":[{"href":"https:\/\/nudebymyskin.fr\/home\/wp-json\/wp\/v2\/product\/4152","targetHints":{"allow":["GET"]}}],"collection":[{"href":"https:\/\/nudebymyskin.fr\/home\/wp-json\/wp\/v2\/product"}],"about":[{"href":"https:\/\/nudebymyskin.fr\/home\/wp-json\/wp\/v2\/types\/product"}],"replies":[{"embeddable":true,"href":"https:\/\/nudebymyskin.fr\/home\/wp-json\/wp\/v2\/comments?post=4152"}],"version-history":[{"count":4,"href":"https:\/\/nudebymyskin.fr\/home\/wp-json\/wp\/v2\/product\/4152\/revisions"}],"predecessor-version":[{"id":4185,"href":"https:\/\/nudebymyskin.fr\/home\/wp-json\/wp\/v2\/product\/4152\/revisions\/4185"}],"wp:featuredmedia":[{"embeddable":true,"href":"https:\/\/nudebymyskin.fr\/home\/wp-json\/wp\/v2\/media\/4174"}],"wp:attachment":[{"href":"https:\/\/nudebymyskin.fr\/home\/wp-json\/wp\/v2\/media?parent=4152"}],"wp:term":[{"taxonomy":"product_cat","embeddable":true,"href":"https:\/\/nudebymyskin.fr\/home\/wp-json\/wp\/v2\/product_cat?post=4152"},{"taxonomy":"product_tag","embeddable":true,"href":"https:\/\/nudebymyskin.fr\/home\/wp-json\/wp\/v2\/product_tag?post=4152"}],"curies":[{"name":"wp","href":"https:\/\/api.w.org\/{rel}","templated":true}]}}