{"id":4180,"date":"2025-04-28T13:49:47","date_gmt":"2025-04-28T11:49:47","guid":{"rendered":"https:\/\/nudebymyskin.fr\/home\/?post_type=product&#038;p=4180"},"modified":"2025-04-28T13:51:26","modified_gmt":"2025-04-28T11:51:26","slug":"creme-contour-des-yeux","status":"publish","type":"product","link":"https:\/\/nudebymyskin.fr\/home\/produit\/creme-contour-des-yeux\/","title":{"rendered":"Cr\u00e8me contour des yeux"},"content":{"rendered":"<p>Cr\u00e8me contour des yeux rajeunissante \u00e0 la texture l\u00e9g\u00e8re va au-del\u00e0 d&rsquo;une simple hydratation et agit efficacement pour att\u00e9nuer l&rsquo;apparence des cernes et des poches.<br \/>\nInfus\u00e9e \u00e0 1\u00a0% de cannabidiol, elle apaise et apporte un confort imm\u00e9diat au contour des yeux.<br \/>\nLe contour des yeux para\u00eet plus lumineux, rafra\u00eechi et plus jeune \u00e0 chaque utilisation.<\/p>\n<p>Appliquer sur une peau propre du contour des yeux.<\/p>\n<p>&nbsp;<\/p>\n<p>&nbsp;<\/p>\n<p>Composition :<br \/>\nHuile de graines de chanvre, jus d&rsquo;alo\u00e8s, cannabidiol, acide hyaluronique, extrait de feuille de ginkgo<\/p>\n","protected":false},"excerpt":{"rendered":"<p>Cr\u00e8me contour des yeux rajeunissante \u00e0 la texture l\u00e9g\u00e8re va au-del\u00e0 d&rsquo;une simple hydratation et agit efficacement pour att\u00e9nuer l&rsquo;apparence des cernes&hellip;<\/p>\n","protected":false},"featured_media":4181,"comment_status":"closed","ping_status":"closed","template":"","meta":[],"product_cat":[185],"product_tag":[125,122,190,115,117,119,191,152],"class_list":{"0":"post-4180","1":"product","2":"type-product","3":"status-publish","4":"has-post-thumbnail","6":"product_cat-produits-hommes","7":"product_tag-acide-hyaluronique","8":"product_tag-anti-age","9":"product_tag-apaise-la-peau-du-contour-des-yeux","10":"product_tag-creme-contour-des-yeux","11":"product_tag-fatigue-sous-les-yeux","12":"product_tag-soin-du-visage","13":"product_tag-texture-legere","14":"product_tag-tous-types-de-peaux","16":"first","17":"instock","18":"shipping-taxable","19":"purchasable","20":"product-type-simple"},"jetpack_sharing_enabled":true,"_links":{"self":[{"href":"https:\/\/nudebymyskin.fr\/home\/wp-json\/wp\/v2\/product\/4180","targetHints":{"allow":["GET"]}}],"collection":[{"href":"https:\/\/nudebymyskin.fr\/home\/wp-json\/wp\/v2\/product"}],"about":[{"href":"https:\/\/nudebymyskin.fr\/home\/wp-json\/wp\/v2\/types\/product"}],"replies":[{"embeddable":true,"href":"https:\/\/nudebymyskin.fr\/home\/wp-json\/wp\/v2\/comments?post=4180"}],"version-history":[{"count":1,"href":"https:\/\/nudebymyskin.fr\/home\/wp-json\/wp\/v2\/product\/4180\/revisions"}],"predecessor-version":[{"id":4183,"href":"https:\/\/nudebymyskin.fr\/home\/wp-json\/wp\/v2\/product\/4180\/revisions\/4183"}],"wp:featuredmedia":[{"embeddable":true,"href":"https:\/\/nudebymyskin.fr\/home\/wp-json\/wp\/v2\/media\/4181"}],"wp:attachment":[{"href":"https:\/\/nudebymyskin.fr\/home\/wp-json\/wp\/v2\/media?parent=4180"}],"wp:term":[{"taxonomy":"product_cat","embeddable":true,"href":"https:\/\/nudebymyskin.fr\/home\/wp-json\/wp\/v2\/product_cat?post=4180"},{"taxonomy":"product_tag","embeddable":true,"href":"https:\/\/nudebymyskin.fr\/home\/wp-json\/wp\/v2\/product_tag?post=4180"}],"curies":[{"name":"wp","href":"https:\/\/api.w.org\/{rel}","templated":true}]}}