{"id":4227,"date":"2025-06-27T09:15:18","date_gmt":"2025-06-27T07:15:18","guid":{"rendered":"https:\/\/nudebymyskin.fr\/home\/?post_type=product&#038;p=4227"},"modified":"2025-11-11T12:25:06","modified_gmt":"2025-11-11T11:25:06","slug":"exfoliant-volcan-islandais-2","status":"publish","type":"product","link":"https:\/\/nudebymyskin.fr\/home\/produit\/exfoliant-volcan-islandais-2\/","title":{"rendered":"Exfoliant Volcan islandais"},"content":{"rendered":"<p>Gommage cr\u00e9meux pour le visage et le corps, infus\u00e9 de sable volcanique, qui exfolie en douceur mais efficacement, en \u00e9liminant les cellules mortes de la peau pour la rendre lisse au toucher.<\/p>\n<p>Appliquer sur peau s\u00e8che ou humide, masser d\u00e9licatement et rincer \u00e0 l&rsquo;eau.<\/p>\n<p>&nbsp;<\/p>\n<p>&nbsp;<\/p>\n<p>&nbsp;<\/p>\n<p>Ingr\u00e9dients :<\/p>\n<p>&#8211; Sable volcanique<br \/>\n&#8211; Huile de ricin<\/p>\n","protected":false},"excerpt":{"rendered":"<p>Gommage cr\u00e9meux pour le visage et le corps, infus\u00e9 de sable volcanique, qui exfolie en douceur mais efficacement, en \u00e9liminant les cellules&hellip;<\/p>\n","protected":false},"featured_media":4228,"comment_status":"closed","ping_status":"closed","template":"","meta":[],"product_cat":[100],"product_tag":[168,192,194,195,193,95],"class_list":{"0":"post-4227","1":"product","2":"type-product","3":"status-publish","4":"has-post-thumbnail","6":"product_cat-produits-nettoyant","7":"product_tag-exfoliant","8":"product_tag-exfoliation-douce","9":"product_tag-nettoie","10":"product_tag-sable-volcanique","11":"product_tag-soin-du-corps","12":"product_tag-tous-types-de-peau","14":"first","15":"outofstock","16":"shipping-taxable","17":"purchasable","18":"product-type-simple"},"jetpack_sharing_enabled":true,"_links":{"self":[{"href":"https:\/\/nudebymyskin.fr\/home\/wp-json\/wp\/v2\/product\/4227","targetHints":{"allow":["GET"]}}],"collection":[{"href":"https:\/\/nudebymyskin.fr\/home\/wp-json\/wp\/v2\/product"}],"about":[{"href":"https:\/\/nudebymyskin.fr\/home\/wp-json\/wp\/v2\/types\/product"}],"replies":[{"embeddable":true,"href":"https:\/\/nudebymyskin.fr\/home\/wp-json\/wp\/v2\/comments?post=4227"}],"version-history":[{"count":1,"href":"https:\/\/nudebymyskin.fr\/home\/wp-json\/wp\/v2\/product\/4227\/revisions"}],"predecessor-version":[{"id":4230,"href":"https:\/\/nudebymyskin.fr\/home\/wp-json\/wp\/v2\/product\/4227\/revisions\/4230"}],"wp:featuredmedia":[{"embeddable":true,"href":"https:\/\/nudebymyskin.fr\/home\/wp-json\/wp\/v2\/media\/4228"}],"wp:attachment":[{"href":"https:\/\/nudebymyskin.fr\/home\/wp-json\/wp\/v2\/media?parent=4227"}],"wp:term":[{"taxonomy":"product_cat","embeddable":true,"href":"https:\/\/nudebymyskin.fr\/home\/wp-json\/wp\/v2\/product_cat?post=4227"},{"taxonomy":"product_tag","embeddable":true,"href":"https:\/\/nudebymyskin.fr\/home\/wp-json\/wp\/v2\/product_tag?post=4227"}],"curies":[{"name":"wp","href":"https:\/\/api.w.org\/{rel}","templated":true}]}}