{"id":4319,"date":"2026-02-06T11:07:04","date_gmt":"2026-02-06T10:07:04","guid":{"rendered":"https:\/\/nudebymyskin.fr\/home\/?post_type=product&#038;p=4319"},"modified":"2026-02-06T11:13:21","modified_gmt":"2026-02-06T10:13:21","slug":"creme-contour-des-yeux-2","status":"publish","type":"product","link":"https:\/\/nudebymyskin.fr\/home\/produit\/creme-contour-des-yeux-2\/","title":{"rendered":"Cr\u00e8me contour des yeux"},"content":{"rendered":"<p>Cette cr\u00e8me contour des yeux apporte une fra\u00eecheur instantan\u00e9e.<br \/>\nUn m\u00e9lange de 3\u00a0ingr\u00e9dients v\u00e9g\u00e9taux biologiques contribue \u00e0 r\u00e9duire les poches et les cernes, tandis que l\u2019acide hyaluronique de poids mol\u00e9culaires multiples cible les rides et la s\u00e9cheresse de la peau.<br \/>\nLe contour des yeux para\u00eet repos\u00e9 et frais. <\/p>\n<p>Appliquer sur peau propre au niveau du contour des yeux.<\/p>\n","protected":false},"excerpt":{"rendered":"<p>Cette cr\u00e8me contour des yeux apporte une fra\u00eecheur instantan\u00e9e. Un m\u00e9lange de 3\u00a0ingr\u00e9dients v\u00e9g\u00e9taux biologiques contribue \u00e0 r\u00e9duire les poches et les&hellip;<\/p>\n","protected":false},"featured_media":4320,"comment_status":"closed","ping_status":"closed","template":"","meta":[],"product_cat":[101],"product_tag":[219,218,220,213,212,215,211,217,216,210,179,214],"class_list":{"0":"post-4319","1":"product","2":"type-product","3":"status-publish","4":"has-post-thumbnail","6":"product_cat-produits-yeux","7":"product_tag-betaine-principes-actifs","8":"product_tag-beurre-de-karite-principes-actifs","9":"product_tag-blanche-couleur-de-lemballage","10":"product_tag-certifie-naturel-reclamations","11":"product_tag-creme-contour-des-yeux-type","12":"product_tag-fatigue-sous-les-yeux-inquietude","13":"product_tag-hydratante","14":"product_tag-peaux-grasses-types-de-peau","15":"product_tag-peaux-normales-types-de-peau","16":"product_tag-previent-lapparition-des-cernes","17":"product_tag-soins-du-visage","18":"product_tag-taches-sombres-inquietude","20":"first","21":"instock","22":"shipping-taxable","23":"purchasable","24":"product-type-simple"},"jetpack_sharing_enabled":true,"_links":{"self":[{"href":"https:\/\/nudebymyskin.fr\/home\/wp-json\/wp\/v2\/product\/4319","targetHints":{"allow":["GET"]}}],"collection":[{"href":"https:\/\/nudebymyskin.fr\/home\/wp-json\/wp\/v2\/product"}],"about":[{"href":"https:\/\/nudebymyskin.fr\/home\/wp-json\/wp\/v2\/types\/product"}],"replies":[{"embeddable":true,"href":"https:\/\/nudebymyskin.fr\/home\/wp-json\/wp\/v2\/comments?post=4319"}],"version-history":[{"count":1,"href":"https:\/\/nudebymyskin.fr\/home\/wp-json\/wp\/v2\/product\/4319\/revisions"}],"predecessor-version":[{"id":4340,"href":"https:\/\/nudebymyskin.fr\/home\/wp-json\/wp\/v2\/product\/4319\/revisions\/4340"}],"wp:featuredmedia":[{"embeddable":true,"href":"https:\/\/nudebymyskin.fr\/home\/wp-json\/wp\/v2\/media\/4320"}],"wp:attachment":[{"href":"https:\/\/nudebymyskin.fr\/home\/wp-json\/wp\/v2\/media?parent=4319"}],"wp:term":[{"taxonomy":"product_cat","embeddable":true,"href":"https:\/\/nudebymyskin.fr\/home\/wp-json\/wp\/v2\/product_cat?post=4319"},{"taxonomy":"product_tag","embeddable":true,"href":"https:\/\/nudebymyskin.fr\/home\/wp-json\/wp\/v2\/product_tag?post=4319"}],"curies":[{"name":"wp","href":"https:\/\/api.w.org\/{rel}","templated":true}]}}