{"id":4324,"date":"2026-02-06T11:07:39","date_gmt":"2026-02-06T10:07:39","guid":{"rendered":"https:\/\/nudebymyskin.fr\/home\/?post_type=product&#038;p=4324"},"modified":"2026-02-06T11:12:41","modified_gmt":"2026-02-06T10:12:41","slug":"gel-hydratant-a-la-niacinamide-2","status":"publish","type":"product","link":"https:\/\/nudebymyskin.fr\/home\/produit\/gel-hydratant-a-la-niacinamide-2\/","title":{"rendered":"Gel hydratant \u00e0 la niacinamide"},"content":{"rendered":"<p>Gel hydratant pour le visage, enrichi de 5\u00a0% de niacinamide, un ingr\u00e9dient cosm\u00e9tique polyvalent.<br \/>\nAide la peau \u00e0 conserver son hydratation, \u00e0 para\u00eetre plus lisse et \u00e0 r\u00e9duire l\u2019apparence du teint irr\u00e9gulier et des taches pigment\u00e9es. <\/p>\n<p>Appliquez sur une peau pr\u00e9alablement nettoy\u00e9e.<\/p>\n","protected":false},"excerpt":{"rendered":"<p>Gel hydratant pour le visage, enrichi de 5\u00a0% de niacinamide, un ingr\u00e9dient cosm\u00e9tique polyvalent. Aide la peau \u00e0 conserver son hydratation, \u00e0&hellip;<\/p>\n","protected":false},"featured_media":4325,"comment_status":"closed","ping_status":"closed","template":"","meta":[],"product_cat":[99],"product_tag":[221,228,220,223,222,229,227,224,225,179,214,137,226],"class_list":{"0":"post-4324","1":"product","2":"type-product","3":"status-publish","4":"has-post-thumbnail","6":"product_cat-produits-hydratant","7":"product_tag-a-base-de-vitamine-b3","8":"product_tag-all-skin-types-types-de-peau","9":"product_tag-blanche-couleur-de-lemballage","10":"product_tag-hydratant-type","11":"product_tag-hydratation-prolongee","12":"product_tag-niacinamide-b3-principes-actifs","13":"product_tag-sans-allergene-sur-letiquette-reclamations","14":"product_tag-sans-gluten-reclamations","15":"product_tag-sans-noix-reclamations","16":"product_tag-soins-du-visage","17":"product_tag-taches-sombres-inquietude","18":"product_tag-unifie-le-teint","19":"product_tag-vegetalien-reclamations","21":"first","22":"instock","23":"shipping-taxable","24":"purchasable","25":"product-type-simple"},"jetpack_sharing_enabled":true,"_links":{"self":[{"href":"https:\/\/nudebymyskin.fr\/home\/wp-json\/wp\/v2\/product\/4324","targetHints":{"allow":["GET"]}}],"collection":[{"href":"https:\/\/nudebymyskin.fr\/home\/wp-json\/wp\/v2\/product"}],"about":[{"href":"https:\/\/nudebymyskin.fr\/home\/wp-json\/wp\/v2\/types\/product"}],"replies":[{"embeddable":true,"href":"https:\/\/nudebymyskin.fr\/home\/wp-json\/wp\/v2\/comments?post=4324"}],"version-history":[{"count":1,"href":"https:\/\/nudebymyskin.fr\/home\/wp-json\/wp\/v2\/product\/4324\/revisions"}],"predecessor-version":[{"id":4338,"href":"https:\/\/nudebymyskin.fr\/home\/wp-json\/wp\/v2\/product\/4324\/revisions\/4338"}],"wp:featuredmedia":[{"embeddable":true,"href":"https:\/\/nudebymyskin.fr\/home\/wp-json\/wp\/v2\/media\/4325"}],"wp:attachment":[{"href":"https:\/\/nudebymyskin.fr\/home\/wp-json\/wp\/v2\/media?parent=4324"}],"wp:term":[{"taxonomy":"product_cat","embeddable":true,"href":"https:\/\/nudebymyskin.fr\/home\/wp-json\/wp\/v2\/product_cat?post=4324"},{"taxonomy":"product_tag","embeddable":true,"href":"https:\/\/nudebymyskin.fr\/home\/wp-json\/wp\/v2\/product_tag?post=4324"}],"curies":[{"name":"wp","href":"https:\/\/api.w.org\/{rel}","templated":true}]}}