{"id":4327,"date":"2026-02-06T11:07:54","date_gmt":"2026-02-06T10:07:54","guid":{"rendered":"https:\/\/nudebymyskin.fr\/home\/?post_type=product&#038;p=4327"},"modified":"2026-02-06T11:12:19","modified_gmt":"2026-02-06T10:12:19","slug":"serum-gelee-prebiotique","status":"publish","type":"product","link":"https:\/\/nudebymyskin.fr\/home\/produit\/serum-gelee-prebiotique\/","title":{"rendered":"S\u00e9rum Gel\u00e9e Pr\u00e9biotique"},"content":{"rendered":"<p>S\u00e9rum infus\u00e9 de pr\u00e9biotiques, avec sa formule l\u00e9g\u00e8re, \u00e0 base de gel, est con\u00e7ue pour \u00e9quilibrer et nourrir votre peau.<\/p>\n<p>Infus\u00e9e de pr\u00e9biotiques, elle soutient la barri\u00e8re protectrice de la peau, procure un effet apaisant et favorise un teint radieux.<\/p>\n<p>Il est parfait pour tous les types de peau et constitue un ajout polyvalent \u00e0 toute collection ax\u00e9e sur l&rsquo;\u00e9quilibre et la sant\u00e9 de la peau.<\/p>\n","protected":false},"excerpt":{"rendered":"<p>S\u00e9rum infus\u00e9 de pr\u00e9biotiques, avec sa formule l\u00e9g\u00e8re, \u00e0 base de gel, est con\u00e7ue pour \u00e9quilibrer et nourrir votre peau. Infus\u00e9e de&hellip;<\/p>\n","protected":false},"featured_media":4328,"comment_status":"closed","ping_status":"closed","template":"","meta":[],"product_cat":[99],"product_tag":[235,228,209,232,233,234,230,231,179,236],"class_list":{"0":"post-4327","1":"product","2":"type-product","3":"status-publish","4":"has-post-thumbnail","6":"product_cat-produits-hydratant","7":"product_tag-acide-hyaluronique-principes-actifs","8":"product_tag-all-skin-types-types-de-peau","9":"product_tag-aux-prebiotiques","10":"product_tag-barriere-cutanee-endommagee-inquietude","11":"product_tag-peaux-deshydratees-inquietude","12":"product_tag-prebiotiques-principes-actifs","13":"product_tag-renforce-la-barriere-cutanee-grace","14":"product_tag-serums-type","15":"product_tag-soins-du-visage","16":"product_tag-transparente-couleur-de-lemballage","18":"first","19":"instock","20":"shipping-taxable","21":"purchasable","22":"product-type-simple"},"jetpack_sharing_enabled":true,"_links":{"self":[{"href":"https:\/\/nudebymyskin.fr\/home\/wp-json\/wp\/v2\/product\/4327","targetHints":{"allow":["GET"]}}],"collection":[{"href":"https:\/\/nudebymyskin.fr\/home\/wp-json\/wp\/v2\/product"}],"about":[{"href":"https:\/\/nudebymyskin.fr\/home\/wp-json\/wp\/v2\/types\/product"}],"replies":[{"embeddable":true,"href":"https:\/\/nudebymyskin.fr\/home\/wp-json\/wp\/v2\/comments?post=4327"}],"version-history":[{"count":1,"href":"https:\/\/nudebymyskin.fr\/home\/wp-json\/wp\/v2\/product\/4327\/revisions"}],"predecessor-version":[{"id":4337,"href":"https:\/\/nudebymyskin.fr\/home\/wp-json\/wp\/v2\/product\/4327\/revisions\/4337"}],"wp:featuredmedia":[{"embeddable":true,"href":"https:\/\/nudebymyskin.fr\/home\/wp-json\/wp\/v2\/media\/4328"}],"wp:attachment":[{"href":"https:\/\/nudebymyskin.fr\/home\/wp-json\/wp\/v2\/media?parent=4327"}],"wp:term":[{"taxonomy":"product_cat","embeddable":true,"href":"https:\/\/nudebymyskin.fr\/home\/wp-json\/wp\/v2\/product_cat?post=4327"},{"taxonomy":"product_tag","embeddable":true,"href":"https:\/\/nudebymyskin.fr\/home\/wp-json\/wp\/v2\/product_tag?post=4327"}],"curies":[{"name":"wp","href":"https:\/\/api.w.org\/{rel}","templated":true}]}}