{"id":4352,"date":"2026-02-06T11:25:35","date_gmt":"2026-02-06T10:25:35","guid":{"rendered":"https:\/\/nudebymyskin.fr\/home\/?post_type=product&#038;p=4352"},"modified":"2026-02-06T15:29:36","modified_gmt":"2026-02-06T14:29:36","slug":"mousse-nettoyante","status":"publish","type":"product","link":"https:\/\/nudebymyskin.fr\/home\/produit\/mousse-nettoyante\/","title":{"rendered":"Mousse nettoyante"},"content":{"rendered":"<p>Ce nettoyant d&rsquo;une texture innovante dissout les impuret\u00e9s, contribue \u00e0 \u00e9liminer l\u2019exc\u00e8s de s\u00e9bum et hydrate le visage sans obstruer les pores.<\/p>\n<p>R\u00e9sultat\u00a0: une peau \u00e0 la fois propre et formidablement hydrat\u00e9e.<\/p>\n<p>Faire mousser dans les mains, appliquer sur le visage, masser d\u00e9licatement, puis rincer \u00e0 l\u2019eau.<\/p>\n","protected":false},"excerpt":{"rendered":"<p>Ce nettoyant d&rsquo;une texture innovante dissout les impuret\u00e9s, contribue \u00e0 \u00e9liminer l\u2019exc\u00e8s de s\u00e9bum et hydrate le visage sans obstruer les pores.&hellip;<\/p>\n","protected":false},"featured_media":4353,"comment_status":"closed","ping_status":"closed","template":"","meta":[],"product_cat":[100],"product_tag":[213,247,245,250,249,248,246,217,244,216,224,225,179,226],"class_list":{"0":"post-4352","1":"product","2":"type-product","3":"status-publish","4":"has-post-thumbnail","6":"product_cat-produits-nettoyant","7":"product_tag-certifie-naturel-reclamations","8":"product_tag-imperfections-inquietude","9":"product_tag-jus-daloe-vera","10":"product_tag-jus-daloe-vera-principes-actifs","11":"product_tag-maquillage-inquietude","12":"product_tag-nettoyage-inquietude","13":"product_tag-nettoyant-type","14":"product_tag-peaux-grasses-types-de-peau","15":"product_tag-peaux-mixtes-a-grasses","16":"product_tag-peaux-normales-types-de-peau","17":"product_tag-sans-gluten-reclamations","18":"product_tag-sans-noix-reclamations","19":"product_tag-soins-du-visage","20":"product_tag-vegetalien-reclamations","22":"first","23":"instock","24":"shipping-taxable","25":"purchasable","26":"product-type-simple"},"jetpack_sharing_enabled":true,"_links":{"self":[{"href":"https:\/\/nudebymyskin.fr\/home\/wp-json\/wp\/v2\/product\/4352","targetHints":{"allow":["GET"]}}],"collection":[{"href":"https:\/\/nudebymyskin.fr\/home\/wp-json\/wp\/v2\/product"}],"about":[{"href":"https:\/\/nudebymyskin.fr\/home\/wp-json\/wp\/v2\/types\/product"}],"replies":[{"embeddable":true,"href":"https:\/\/nudebymyskin.fr\/home\/wp-json\/wp\/v2\/comments?post=4352"}],"version-history":[{"count":1,"href":"https:\/\/nudebymyskin.fr\/home\/wp-json\/wp\/v2\/product\/4352\/revisions"}],"predecessor-version":[{"id":4355,"href":"https:\/\/nudebymyskin.fr\/home\/wp-json\/wp\/v2\/product\/4352\/revisions\/4355"}],"wp:featuredmedia":[{"embeddable":true,"href":"https:\/\/nudebymyskin.fr\/home\/wp-json\/wp\/v2\/media\/4353"}],"wp:attachment":[{"href":"https:\/\/nudebymyskin.fr\/home\/wp-json\/wp\/v2\/media?parent=4352"}],"wp:term":[{"taxonomy":"product_cat","embeddable":true,"href":"https:\/\/nudebymyskin.fr\/home\/wp-json\/wp\/v2\/product_cat?post=4352"},{"taxonomy":"product_tag","embeddable":true,"href":"https:\/\/nudebymyskin.fr\/home\/wp-json\/wp\/v2\/product_tag?post=4352"}],"curies":[{"name":"wp","href":"https:\/\/api.w.org\/{rel}","templated":true}]}}