{"id":4364,"date":"2026-02-06T12:26:43","date_gmt":"2026-02-06T11:26:43","guid":{"rendered":"https:\/\/nudebymyskin.fr\/home\/?post_type=product&#038;p=4364"},"modified":"2026-02-13T14:10:02","modified_gmt":"2026-02-13T13:10:02","slug":"brume-visage-prebiotique-2","status":"publish","type":"product","link":"https:\/\/nudebymyskin.fr\/home\/produit\/brume-visage-prebiotique-2\/","title":{"rendered":"Brume Visage Pr\u00e9biotique"},"content":{"rendered":"<p>Formule l\u00e9g\u00e8re qui procure une sensation d&rsquo;hydratation et de fra\u00eecheur et aide \u00e0 r\u00e9tablir l&rsquo;\u00e9quilibre naturel de la peau.<br \/>\nInfus\u00e9e de pr\u00e9biotiques, elle aide \u00e0 prot\u00e9ger la barri\u00e8re cutan\u00e9e et \u00e0 se d\u00e9fendre contre les agressions ext\u00e9rieures. <\/p>\n<p>Parfaite pour fixer le maquillage ou pour rafra\u00eechir la peau en milieu de journ\u00e9e.<\/p>\n","protected":false},"excerpt":{"rendered":"<p>Formule l\u00e9g\u00e8re qui procure une sensation d&rsquo;hydratation et de fra\u00eecheur et aide \u00e0 r\u00e9tablir l&rsquo;\u00e9quilibre naturel de la peau. Infus\u00e9e de pr\u00e9biotiques,&hellip;<\/p>\n","protected":false},"featured_media":4365,"comment_status":"closed","ping_status":"closed","template":"","meta":[],"product_cat":[99],"product_tag":[235,228,232,220,252,251,202,233,234,203,179,236],"class_list":{"0":"post-4364","1":"product","2":"type-product","3":"status-publish","4":"has-post-thumbnail","6":"product_cat-produits-hydratant","7":"product_tag-acide-hyaluronique-principes-actifs","8":"product_tag-all-skin-types-types-de-peau","9":"product_tag-barriere-cutanee-endommagee-inquietude","10":"product_tag-blanche-couleur-de-lemballage","11":"product_tag-brume-pour-le-visage-type","12":"product_tag-effet-calmant","13":"product_tag-hydrate-et-rafraichit-la-peau","14":"product_tag-peaux-deshydratees-inquietude","15":"product_tag-prebiotiques-principes-actifs","16":"product_tag-protege-la-barriere-cutanee","17":"product_tag-soins-du-visage","18":"product_tag-transparente-couleur-de-lemballage","20":"first","21":"outofstock","22":"shipping-taxable","23":"purchasable","24":"product-type-simple"},"jetpack_sharing_enabled":true,"_links":{"self":[{"href":"https:\/\/nudebymyskin.fr\/home\/wp-json\/wp\/v2\/product\/4364","targetHints":{"allow":["GET"]}}],"collection":[{"href":"https:\/\/nudebymyskin.fr\/home\/wp-json\/wp\/v2\/product"}],"about":[{"href":"https:\/\/nudebymyskin.fr\/home\/wp-json\/wp\/v2\/types\/product"}],"replies":[{"embeddable":true,"href":"https:\/\/nudebymyskin.fr\/home\/wp-json\/wp\/v2\/comments?post=4364"}],"version-history":[{"count":1,"href":"https:\/\/nudebymyskin.fr\/home\/wp-json\/wp\/v2\/product\/4364\/revisions"}],"predecessor-version":[{"id":4367,"href":"https:\/\/nudebymyskin.fr\/home\/wp-json\/wp\/v2\/product\/4364\/revisions\/4367"}],"wp:featuredmedia":[{"embeddable":true,"href":"https:\/\/nudebymyskin.fr\/home\/wp-json\/wp\/v2\/media\/4365"}],"wp:attachment":[{"href":"https:\/\/nudebymyskin.fr\/home\/wp-json\/wp\/v2\/media?parent=4364"}],"wp:term":[{"taxonomy":"product_cat","embeddable":true,"href":"https:\/\/nudebymyskin.fr\/home\/wp-json\/wp\/v2\/product_cat?post=4364"},{"taxonomy":"product_tag","embeddable":true,"href":"https:\/\/nudebymyskin.fr\/home\/wp-json\/wp\/v2\/product_tag?post=4364"}],"curies":[{"name":"wp","href":"https:\/\/api.w.org\/{rel}","templated":true}]}}