{"id":4368,"date":"2026-02-06T12:43:54","date_gmt":"2026-02-06T11:43:54","guid":{"rendered":"https:\/\/nudebymyskin.fr\/home\/?post_type=product&#038;p=4368"},"modified":"2026-02-06T12:45:07","modified_gmt":"2026-02-06T11:45:07","slug":"serum-anti-age-aux-peptides","status":"publish","type":"product","link":"https:\/\/nudebymyskin.fr\/home\/produit\/serum-anti-age-aux-peptides\/","title":{"rendered":"S\u00e9rum anti-\u00e2ge aux peptides"},"content":{"rendered":"<p>S\u00e9rum lissant pour la peau, enrichi d&rsquo;ingr\u00e9dients anti-\u00e2ge de haute performance pour donner \u00e0 la peau un aspect plus rebondi et favoriser son \u00e9lasticit\u00e9.<br \/>\nL&rsquo;huile de graines de myrtille riche en antioxydants et les extraits de ginkgo assurent une protection, tandis que les peptides et l&rsquo;acide hyaluronique contribuent \u00e0 att\u00e9nuer les rides. <\/p>\n<p>Appliquer sur une peau propre.<\/p>\n","protected":false},"excerpt":{"rendered":"<p>S\u00e9rum lissant pour la peau, enrichi d&rsquo;ingr\u00e9dients anti-\u00e2ge de haute performance pour donner \u00e0 la peau un aspect plus rebondi et favoriser&hellip;<\/p>\n","protected":false},"featured_media":4369,"comment_status":"closed","ping_status":"closed","template":"","meta":[],"product_cat":[99],"product_tag":[235,196,253,220,197,250,255,243,233,216,254,198,231,179,236],"class_list":{"0":"post-4368","1":"product","2":"type-product","3":"status-publish","4":"has-post-thumbnail","6":"product_cat-produits-hydratant","7":"product_tag-acide-hyaluronique-principes-actifs","8":"product_tag-ameliore-la-barriere-cutanee","9":"product_tag-anti-age-inquietude","10":"product_tag-blanche-couleur-de-lemballage","11":"product_tag-booste-lelasticite","12":"product_tag-jus-daloe-vera-principes-actifs","13":"product_tag-les-peptides-principes-actifs","14":"product_tag-pca-de-sodium-principes-actifs","15":"product_tag-peaux-deshydratees-inquietude","16":"product_tag-peaux-normales-types-de-peau","17":"product_tag-peaux-seches-types-de-peau","18":"product_tag-riche-en-antioxydants","19":"product_tag-serums-type","20":"product_tag-soins-du-visage","21":"product_tag-transparente-couleur-de-lemballage","23":"first","24":"instock","25":"shipping-taxable","26":"purchasable","27":"product-type-simple"},"jetpack_sharing_enabled":true,"_links":{"self":[{"href":"https:\/\/nudebymyskin.fr\/home\/wp-json\/wp\/v2\/product\/4368","targetHints":{"allow":["GET"]}}],"collection":[{"href":"https:\/\/nudebymyskin.fr\/home\/wp-json\/wp\/v2\/product"}],"about":[{"href":"https:\/\/nudebymyskin.fr\/home\/wp-json\/wp\/v2\/types\/product"}],"replies":[{"embeddable":true,"href":"https:\/\/nudebymyskin.fr\/home\/wp-json\/wp\/v2\/comments?post=4368"}],"version-history":[{"count":1,"href":"https:\/\/nudebymyskin.fr\/home\/wp-json\/wp\/v2\/product\/4368\/revisions"}],"predecessor-version":[{"id":4371,"href":"https:\/\/nudebymyskin.fr\/home\/wp-json\/wp\/v2\/product\/4368\/revisions\/4371"}],"wp:featuredmedia":[{"embeddable":true,"href":"https:\/\/nudebymyskin.fr\/home\/wp-json\/wp\/v2\/media\/4369"}],"wp:attachment":[{"href":"https:\/\/nudebymyskin.fr\/home\/wp-json\/wp\/v2\/media?parent=4368"}],"wp:term":[{"taxonomy":"product_cat","embeddable":true,"href":"https:\/\/nudebymyskin.fr\/home\/wp-json\/wp\/v2\/product_cat?post=4368"},{"taxonomy":"product_tag","embeddable":true,"href":"https:\/\/nudebymyskin.fr\/home\/wp-json\/wp\/v2\/product_tag?post=4368"}],"curies":[{"name":"wp","href":"https:\/\/api.w.org\/{rel}","templated":true}]}}