{"id":4386,"date":"2026-02-13T15:16:25","date_gmt":"2026-02-13T14:16:25","guid":{"rendered":"https:\/\/nudebymyskin.fr\/home\/?post_type=product&#038;p=4386"},"modified":"2026-02-13T15:18:23","modified_gmt":"2026-02-13T14:18:23","slug":"serum-perfecteur-de-pigment-2","status":"publish","type":"product","link":"https:\/\/nudebymyskin.fr\/home\/produit\/serum-perfecteur-de-pigment-2\/","title":{"rendered":"S\u00e9rum perfecteur de pigment"},"content":{"rendered":"<p>Ce s\u00e9rum perfecteur de pigment\u00a0est con\u00e7u pour r\u00e9duire l&rsquo;apparence des taches brunes et favoriser un teint uniforme.<br \/>\nSa formule l\u00e9g\u00e8re hydrate et apaise tout en ciblant la pigmentation pour un teint plus lumineux.<br \/>\nSon parfum ajoute une couche suppl\u00e9mentaire d&rsquo;indulgence, avec des notes terreuses de racine de v\u00e9tiver et de bois, compl\u00e9t\u00e9es par un fond d&rsquo;amande douce et sucr\u00e9e. <\/p>\n<p>Appliquer quotidiennement sur une peau propre pour de meilleurs r\u00e9sultats.<\/p>\n<p>A combiner avec : Utiliser avec notre gel hydratant \u00e0 la niacinamide et notre s\u00e9rum \u00e0 la vitamine C pour obtenir un teint plus uniforme.<\/p>\n","protected":false},"excerpt":{"rendered":"<p>Ce s\u00e9rum perfecteur de pigment\u00a0est con\u00e7u pour r\u00e9duire l&rsquo;apparence des taches brunes et favoriser un teint uniforme. Sa formule l\u00e9g\u00e8re hydrate et&hellip;<\/p>\n","protected":false},"featured_media":4387,"comment_status":"closed","ping_status":"closed","template":"","meta":[],"product_cat":[99],"product_tag":[125,122,164,163,162,179,260,145,95,165],"class_list":{"0":"post-4386","1":"product","2":"type-product","3":"status-publish","4":"has-post-thumbnail","6":"product_cat-produits-hydratant","7":"product_tag-acide-hyaluronique","8":"product_tag-anti-age","9":"product_tag-favorise-un-teint-uniforme","10":"product_tag-reduit-lapparence-des-taches-brunes","11":"product_tag-serum-leger","12":"product_tag-soins-du-visage","13":"product_tag-taches-sombres","14":"product_tag-teste-dermatologiquement","15":"product_tag-tous-types-de-peau","16":"product_tag-vitamine-e","18":"first","19":"instock","20":"shipping-taxable","21":"purchasable","22":"product-type-simple"},"jetpack_sharing_enabled":true,"_links":{"self":[{"href":"https:\/\/nudebymyskin.fr\/home\/wp-json\/wp\/v2\/product\/4386","targetHints":{"allow":["GET"]}}],"collection":[{"href":"https:\/\/nudebymyskin.fr\/home\/wp-json\/wp\/v2\/product"}],"about":[{"href":"https:\/\/nudebymyskin.fr\/home\/wp-json\/wp\/v2\/types\/product"}],"replies":[{"embeddable":true,"href":"https:\/\/nudebymyskin.fr\/home\/wp-json\/wp\/v2\/comments?post=4386"}],"version-history":[{"count":1,"href":"https:\/\/nudebymyskin.fr\/home\/wp-json\/wp\/v2\/product\/4386\/revisions"}],"predecessor-version":[{"id":4389,"href":"https:\/\/nudebymyskin.fr\/home\/wp-json\/wp\/v2\/product\/4386\/revisions\/4389"}],"wp:featuredmedia":[{"embeddable":true,"href":"https:\/\/nudebymyskin.fr\/home\/wp-json\/wp\/v2\/media\/4387"}],"wp:attachment":[{"href":"https:\/\/nudebymyskin.fr\/home\/wp-json\/wp\/v2\/media?parent=4386"}],"wp:term":[{"taxonomy":"product_cat","embeddable":true,"href":"https:\/\/nudebymyskin.fr\/home\/wp-json\/wp\/v2\/product_cat?post=4386"},{"taxonomy":"product_tag","embeddable":true,"href":"https:\/\/nudebymyskin.fr\/home\/wp-json\/wp\/v2\/product_tag?post=4386"}],"curies":[{"name":"wp","href":"https:\/\/api.w.org\/{rel}","templated":true}]}}