{"id":4430,"date":"2026-04-11T13:43:07","date_gmt":"2026-04-11T11:43:07","guid":{"rendered":"https:\/\/nudebymyskin.fr\/home\/?post_type=product&#038;p=4430"},"modified":"2026-04-11T13:44:10","modified_gmt":"2026-04-11T11:44:10","slug":"demaquillant-biphasic-sans-parfum","status":"publish","type":"product","link":"https:\/\/nudebymyskin.fr\/home\/produit\/demaquillant-biphasic-sans-parfum\/","title":{"rendered":"D\u00e9maquillant BiPhasic, sans parfum"},"content":{"rendered":"<p>D\u00e9maquillant \u00e0 la composition biphas\u00e9e unique, combinant une phase \u00e0 base d&rsquo;huile et une phase \u00e0 base d&rsquo;eau pour un d\u00e9maquillage efficace et sans effort. <\/p>\n<p>Cette formulation unique, aux propri\u00e9t\u00e9s nettoyantes \u00e0 la fois douces et efficaces, sera un compl\u00e9ment parfait \u00e0 l&rsquo;offre de toute marque de soins de la peau.<\/p>\n","protected":false},"excerpt":{"rendered":"<p>D\u00e9maquillant \u00e0 la composition biphas\u00e9e unique, combinant une phase \u00e0 base d&rsquo;huile et une phase \u00e0 base d&rsquo;eau pour un d\u00e9maquillage efficace&hellip;<\/p>\n","protected":false},"featured_media":4431,"comment_status":"closed","ping_status":"closed","template":"","meta":[],"product_cat":[100],"product_tag":[235,228,155,156,250,249,248,246,179,236],"class_list":{"0":"post-4430","1":"product","2":"type-product","3":"status-publish","4":"has-post-thumbnail","6":"product_cat-produits-nettoyant","7":"product_tag-acide-hyaluronique-principes-actifs","8":"product_tag-all-skin-types-types-de-peau","9":"product_tag-doux-pour-la-peau","10":"product_tag-elimine-le-maquillage-et-les-impuretes","11":"product_tag-jus-daloe-vera-principes-actifs","12":"product_tag-maquillage-inquietude","13":"product_tag-nettoyage-inquietude","14":"product_tag-nettoyant-type","15":"product_tag-soins-du-visage","16":"product_tag-transparente-couleur-de-lemballage","18":"first","19":"instock","20":"shipping-taxable","21":"purchasable","22":"product-type-simple"},"jetpack_sharing_enabled":true,"_links":{"self":[{"href":"https:\/\/nudebymyskin.fr\/home\/wp-json\/wp\/v2\/product\/4430","targetHints":{"allow":["GET"]}}],"collection":[{"href":"https:\/\/nudebymyskin.fr\/home\/wp-json\/wp\/v2\/product"}],"about":[{"href":"https:\/\/nudebymyskin.fr\/home\/wp-json\/wp\/v2\/types\/product"}],"replies":[{"embeddable":true,"href":"https:\/\/nudebymyskin.fr\/home\/wp-json\/wp\/v2\/comments?post=4430"}],"version-history":[{"count":1,"href":"https:\/\/nudebymyskin.fr\/home\/wp-json\/wp\/v2\/product\/4430\/revisions"}],"predecessor-version":[{"id":4434,"href":"https:\/\/nudebymyskin.fr\/home\/wp-json\/wp\/v2\/product\/4430\/revisions\/4434"}],"wp:featuredmedia":[{"embeddable":true,"href":"https:\/\/nudebymyskin.fr\/home\/wp-json\/wp\/v2\/media\/4431"}],"wp:attachment":[{"href":"https:\/\/nudebymyskin.fr\/home\/wp-json\/wp\/v2\/media?parent=4430"}],"wp:term":[{"taxonomy":"product_cat","embeddable":true,"href":"https:\/\/nudebymyskin.fr\/home\/wp-json\/wp\/v2\/product_cat?post=4430"},{"taxonomy":"product_tag","embeddable":true,"href":"https:\/\/nudebymyskin.fr\/home\/wp-json\/wp\/v2\/product_tag?post=4430"}],"curies":[{"name":"wp","href":"https:\/\/api.w.org\/{rel}","templated":true}]}}