{"id":4435,"date":"2026-04-11T13:56:49","date_gmt":"2026-04-11T11:56:49","guid":{"rendered":"https:\/\/nudebymyskin.fr\/home\/?post_type=product&#038;p=4435"},"modified":"2026-04-11T14:05:23","modified_gmt":"2026-04-11T12:05:23","slug":"tonique-purifiant","status":"publish","type":"product","link":"https:\/\/nudebymyskin.fr\/home\/produit\/tonique-purifiant\/","title":{"rendered":"Tonique purifiant"},"content":{"rendered":"<p>Tonique multi-usage, \u00e9limine les impuret\u00e9s et l&rsquo;exc\u00e8s de s\u00e9bum, contribue \u00e0 d\u00e9sobstruer les pores, pr\u00e9serve le pH naturel de la peau et hydrate celle-ci.<br \/>\nLa peau retrouve fra\u00eecheur et souplesse. <\/p>\n","protected":false},"excerpt":{"rendered":"<p>Tonique multi-usage, \u00e9limine les impuret\u00e9s et l&rsquo;exc\u00e8s de s\u00e9bum, contribue \u00e0 d\u00e9sobstruer les pores, pr\u00e9serve le pH naturel de la peau et&hellip;<\/p>\n","protected":false},"featured_media":4436,"comment_status":"closed","ping_status":"closed","template":"","meta":[],"product_cat":[99],"product_tag":[176,169,167,262,179,175,129],"class_list":{"0":"post-4435","1":"product","2":"type-product","3":"status-publish","4":"has-post-thumbnail","6":"product_cat-produits-hydratant","7":"product_tag-acide-salicylique","8":"product_tag-imperfections","9":"product_tag-rafraichit","10":"product_tag-sans-parfum-ajoute","11":"product_tag-soins-du-visage","12":"product_tag-toner","13":"product_tag-vegan","15":"first","16":"instock","17":"shipping-taxable","18":"purchasable","19":"product-type-simple"},"jetpack_sharing_enabled":true,"_links":{"self":[{"href":"https:\/\/nudebymyskin.fr\/home\/wp-json\/wp\/v2\/product\/4435","targetHints":{"allow":["GET"]}}],"collection":[{"href":"https:\/\/nudebymyskin.fr\/home\/wp-json\/wp\/v2\/product"}],"about":[{"href":"https:\/\/nudebymyskin.fr\/home\/wp-json\/wp\/v2\/types\/product"}],"replies":[{"embeddable":true,"href":"https:\/\/nudebymyskin.fr\/home\/wp-json\/wp\/v2\/comments?post=4435"}],"version-history":[{"count":1,"href":"https:\/\/nudebymyskin.fr\/home\/wp-json\/wp\/v2\/product\/4435\/revisions"}],"predecessor-version":[{"id":4437,"href":"https:\/\/nudebymyskin.fr\/home\/wp-json\/wp\/v2\/product\/4435\/revisions\/4437"}],"wp:featuredmedia":[{"embeddable":true,"href":"https:\/\/nudebymyskin.fr\/home\/wp-json\/wp\/v2\/media\/4436"}],"wp:attachment":[{"href":"https:\/\/nudebymyskin.fr\/home\/wp-json\/wp\/v2\/media?parent=4435"}],"wp:term":[{"taxonomy":"product_cat","embeddable":true,"href":"https:\/\/nudebymyskin.fr\/home\/wp-json\/wp\/v2\/product_cat?post=4435"},{"taxonomy":"product_tag","embeddable":true,"href":"https:\/\/nudebymyskin.fr\/home\/wp-json\/wp\/v2\/product_tag?post=4435"}],"curies":[{"name":"wp","href":"https:\/\/api.w.org\/{rel}","templated":true}]}}