{"id":4438,"date":"2026-04-11T14:15:21","date_gmt":"2026-04-11T12:15:21","guid":{"rendered":"https:\/\/nudebymyskin.fr\/home\/?post_type=product&#038;p=4438"},"modified":"2026-04-11T14:18:05","modified_gmt":"2026-04-11T12:18:05","slug":"serum-a-la-vitamine-c-2","status":"publish","type":"product","link":"https:\/\/nudebymyskin.fr\/home\/produit\/serum-a-la-vitamine-c-2\/","title":{"rendered":"S\u00e9rum \u00e0 la vitamine C"},"content":{"rendered":"<p>S\u00e9rum l\u00e9ger qui \u00e9claircit et unifie le teint.<br \/>\nL\u2019acide f\u00e9rulique raffermit la peau, tandis que l\u2019acide hyaluronique stimule son hydratation.<br \/>\nLes huiles nourrissantes adoucissent la peau pour r\u00e9v\u00e9ler un teint \u00e9clatant \u00e0 l\u2019apparence plus jeune.<\/p>\n<p>Appliquez le produit sur une peau pr\u00e9alablement nettoy\u00e9e.<\/p>\n","protected":false},"excerpt":{"rendered":"<p>S\u00e9rum l\u00e9ger qui \u00e9claircit et unifie le teint. L\u2019acide f\u00e9rulique raffermit la peau, tandis que l\u2019acide hyaluronique stimule son hydratation. Les huiles&hellip;<\/p>\n","protected":false},"featured_media":4439,"comment_status":"closed","ping_status":"closed","template":"","meta":[],"product_cat":[99],"product_tag":[125,122,264,116,199,267,179,260,145,268,173,165],"class_list":{"0":"post-4438","1":"product","2":"type-product","3":"status-publish","4":"has-post-thumbnail","6":"product_cat-produits-hydratant","7":"product_tag-acide-hyaluronique","8":"product_tag-anti-age","9":"product_tag-avec-une-forme-stabilisee-de-vitamine-c-naturelle","10":"product_tag-certifie-naturel","11":"product_tag-peaux-deshydratees","12":"product_tag-sans-gluten-serums","13":"product_tag-soins-du-visage","14":"product_tag-taches-sombres","15":"product_tag-teste-dermatologiquement","16":"product_tag-vegetalien","17":"product_tag-vitamine-c","18":"product_tag-vitamine-e","20":"first","21":"instock","22":"shipping-taxable","23":"purchasable","24":"product-type-simple"},"jetpack_sharing_enabled":true,"_links":{"self":[{"href":"https:\/\/nudebymyskin.fr\/home\/wp-json\/wp\/v2\/product\/4438","targetHints":{"allow":["GET"]}}],"collection":[{"href":"https:\/\/nudebymyskin.fr\/home\/wp-json\/wp\/v2\/product"}],"about":[{"href":"https:\/\/nudebymyskin.fr\/home\/wp-json\/wp\/v2\/types\/product"}],"replies":[{"embeddable":true,"href":"https:\/\/nudebymyskin.fr\/home\/wp-json\/wp\/v2\/comments?post=4438"}],"version-history":[{"count":1,"href":"https:\/\/nudebymyskin.fr\/home\/wp-json\/wp\/v2\/product\/4438\/revisions"}],"predecessor-version":[{"id":4441,"href":"https:\/\/nudebymyskin.fr\/home\/wp-json\/wp\/v2\/product\/4438\/revisions\/4441"}],"wp:featuredmedia":[{"embeddable":true,"href":"https:\/\/nudebymyskin.fr\/home\/wp-json\/wp\/v2\/media\/4439"}],"wp:attachment":[{"href":"https:\/\/nudebymyskin.fr\/home\/wp-json\/wp\/v2\/media?parent=4438"}],"wp:term":[{"taxonomy":"product_cat","embeddable":true,"href":"https:\/\/nudebymyskin.fr\/home\/wp-json\/wp\/v2\/product_cat?post=4438"},{"taxonomy":"product_tag","embeddable":true,"href":"https:\/\/nudebymyskin.fr\/home\/wp-json\/wp\/v2\/product_tag?post=4438"}],"curies":[{"name":"wp","href":"https:\/\/api.w.org\/{rel}","templated":true}]}}