{"id":4442,"date":"2026-04-11T14:28:24","date_gmt":"2026-04-11T12:28:24","guid":{"rendered":"https:\/\/nudebymyskin.fr\/home\/?post_type=product&#038;p=4442"},"modified":"2026-04-11T14:31:07","modified_gmt":"2026-04-11T12:31:07","slug":"protection-solaire-spf50-stick-sans-teinte","status":"publish","type":"product","link":"https:\/\/nudebymyskin.fr\/home\/produit\/protection-solaire-spf50-stick-sans-teinte\/","title":{"rendered":"Protection solaire SPF50 Stick, sans teinte"},"content":{"rendered":"<p>Ce stick solaire \u00e0 base de min\u00e9raux offre une protection puissante \u00e0 large spectre contre les UVA\/UVB avec un SPF 50.<br \/>\nSa formule lisse et fondante glisse facilement, assurant une couverture uniforme pour tous les types de peau, y compris les zones sensibles. Parfait pour une application en d\u00e9placement, c&rsquo;est un produit indispensable pour une protection solaire quotidienne.<\/p>\n<p>AVERTISSEMENT : Le stick ne garantit pas une protection \u00e0 100 %. L&rsquo;exposition prolong\u00e9e au soleil est une menace s\u00e9rieuse pour la sant\u00e9, \u00e9vitez-la, m\u00eame si vous utilisez un \u00e9cran solaire.<\/p>\n","protected":false},"excerpt":{"rendered":"<p>Ce stick solaire \u00e0 base de min\u00e9raux offre une protection puissante \u00e0 large spectre contre les UVA\/UVB avec un SPF 50. Sa&hellip;<\/p>\n","protected":false},"featured_media":4443,"comment_status":"closed","ping_status":"closed","template":"","meta":[],"product_cat":[141],"product_tag":[272,154,142,143,179,181],"class_list":{"0":"post-4442","1":"product","2":"type-product","3":"status-publish","4":"has-post-thumbnail","6":"product_cat-produits-solaire","7":"product_tag-all-skin-types","8":"product_tag-creme-solaire","9":"product_tag-facile-a-utiliser","10":"product_tag-protection-solaire","11":"product_tag-soins-du-visage","12":"product_tag-soins-solaires","14":"first","15":"instock","16":"shipping-taxable","17":"purchasable","18":"product-type-simple"},"jetpack_sharing_enabled":true,"_links":{"self":[{"href":"https:\/\/nudebymyskin.fr\/home\/wp-json\/wp\/v2\/product\/4442","targetHints":{"allow":["GET"]}}],"collection":[{"href":"https:\/\/nudebymyskin.fr\/home\/wp-json\/wp\/v2\/product"}],"about":[{"href":"https:\/\/nudebymyskin.fr\/home\/wp-json\/wp\/v2\/types\/product"}],"replies":[{"embeddable":true,"href":"https:\/\/nudebymyskin.fr\/home\/wp-json\/wp\/v2\/comments?post=4442"}],"version-history":[{"count":1,"href":"https:\/\/nudebymyskin.fr\/home\/wp-json\/wp\/v2\/product\/4442\/revisions"}],"predecessor-version":[{"id":4446,"href":"https:\/\/nudebymyskin.fr\/home\/wp-json\/wp\/v2\/product\/4442\/revisions\/4446"}],"wp:featuredmedia":[{"embeddable":true,"href":"https:\/\/nudebymyskin.fr\/home\/wp-json\/wp\/v2\/media\/4443"}],"wp:attachment":[{"href":"https:\/\/nudebymyskin.fr\/home\/wp-json\/wp\/v2\/media?parent=4442"}],"wp:term":[{"taxonomy":"product_cat","embeddable":true,"href":"https:\/\/nudebymyskin.fr\/home\/wp-json\/wp\/v2\/product_cat?post=4442"},{"taxonomy":"product_tag","embeddable":true,"href":"https:\/\/nudebymyskin.fr\/home\/wp-json\/wp\/v2\/product_tag?post=4442"}],"curies":[{"name":"wp","href":"https:\/\/api.w.org\/{rel}","templated":true}]}}